{"id":1646,"date":"2021-06-03T17:11:08","date_gmt":"2021-06-03T17:11:08","guid":{"rendered":"https:\/\/afmi.nl\/bewerkingen\/"},"modified":"2021-07-27T19:31:12","modified_gmt":"2021-07-27T19:31:12","slug":"bewerkingen","status":"publish","type":"page","link":"https:\/\/afmi.nl\/de\/bewerkingen\/","title":{"rendered":"MATERIALBEARBEITUNG"},"content":{"rendered":"\n<p>Wir bearbeiten gelieferte Werkst\u00fccke aus Stahl, Aluminium, Edelstahl und Nichteisenlegierungen, k\u00f6nnen die ben\u00f6tigten Materialien, Guss- oder Schmiedeteile aber auch selbst fertigen. Die Arbeit mit hochwertigen Werkstoffen gem\u00e4\u00df spezifischen Anforderungen und Eigenschaften sowie deren Beschaffung ist f\u00fcr uns bekanntes Terrain. Neben Metallbearbeitungen k\u00f6nnen wir auch komplette Schwei\u00dfarbeiten (zertifiziert) liefern und bearbeiten.<\/p>\n","protected":false},"excerpt":{"rendered":"<p>Wir bearbeiten gelieferte Werkst\u00fccke aus Stahl, Aluminium, Edelstahl und Nichteisenlegierungen, k\u00f6nnen die ben\u00f6tigten Materialien, Guss- oder Schmiedeteile aber auch selbst fertigen. Die Arbeit mit hochwertigen Werkstoffen gem\u00e4\u00df spezifischen Anforderungen und&#8230;<\/p>\n","protected":false},"author":6,"featured_media":0,"parent":0,"menu_order":22,"comment_status":"closed","ping_status":"closed","template":"page-modifications.php","meta":{"_acf_changed":false,"footnotes":""},"class_list":["post-1646","page","type-page","status-publish","hentry"],"acf":[],"yoast_head":"<!-- This site is optimized with the Yoast SEO plugin v27.2 - https:\/\/yoast.com\/product\/yoast-seo-wordpress\/ -->\n<title>MATERIALBEARBEITUNG - AFMI<\/title>\n<meta name=\"robots\" content=\"index, follow, max-snippet:-1, max-image-preview:large, max-video-preview:-1\" \/>\n<link rel=\"canonical\" href=\"https:\/\/afmi.nl\/de\/bewerkingen\/\" \/>\n<meta property=\"og:locale\" content=\"de_DE\" \/>\n<meta property=\"og:type\" content=\"article\" \/>\n<meta property=\"og:title\" content=\"MATERIALBEARBEITUNG - AFMI\" \/>\n<meta property=\"og:description\" content=\"Wir bearbeiten gelieferte Werkst\u00fccke aus Stahl, Aluminium, Edelstahl und Nichteisenlegierungen, k\u00f6nnen die ben\u00f6tigten Materialien, Guss- oder Schmiedeteile aber auch selbst fertigen. Die Arbeit mit hochwertigen Werkstoffen gem\u00e4\u00df spezifischen Anforderungen und...\" \/>\n<meta property=\"og:url\" content=\"https:\/\/afmi.nl\/de\/bewerkingen\/\" \/>\n<meta property=\"og:site_name\" content=\"AFMI\" \/>\n<meta property=\"article:modified_time\" content=\"2021-07-27T19:31:12+00:00\" \/>\n<meta name=\"twitter:card\" content=\"summary_large_image\" \/>\n<meta name=\"twitter:label1\" content=\"Est. reading time\" \/>\n\t<meta name=\"twitter:data1\" content=\"1 minute\" \/>\n<script type=\"application\/ld+json\" class=\"yoast-schema-graph\">{\"@context\":\"https:\/\/schema.org\",\"@graph\":[{\"@type\":\"WebPage\",\"@id\":\"https:\/\/afmi.nl\/de\/bewerkingen\/\",\"url\":\"https:\/\/afmi.nl\/de\/bewerkingen\/\",\"name\":\"MATERIALBEARBEITUNG - AFMI\",\"isPartOf\":{\"@id\":\"https:\/\/afmi.nl\/de\/#website\"},\"datePublished\":\"2021-06-03T17:11:08+00:00\",\"dateModified\":\"2021-07-27T19:31:12+00:00\",\"breadcrumb\":{\"@id\":\"https:\/\/afmi.nl\/de\/bewerkingen\/#breadcrumb\"},\"inLanguage\":\"de-DE\",\"potentialAction\":[{\"@type\":\"ReadAction\",\"target\":[\"https:\/\/afmi.nl\/de\/bewerkingen\/\"]}]},{\"@type\":\"BreadcrumbList\",\"@id\":\"https:\/\/afmi.nl\/de\/bewerkingen\/#breadcrumb\",\"itemListElement\":[{\"@type\":\"ListItem\",\"position\":1,\"name\":\"Home\",\"item\":\"https:\/\/afmi.nl\/de\/\"},{\"@type\":\"ListItem\",\"position\":2,\"name\":\"MATERIALBEARBEITUNG\"}]},{\"@type\":\"WebSite\",\"@id\":\"https:\/\/afmi.nl\/de\/#website\",\"url\":\"https:\/\/afmi.nl\/de\/\",\"name\":\"AFMI\",\"description\":\"Verspaande Juweeltjes\",\"potentialAction\":[{\"@type\":\"SearchAction\",\"target\":{\"@type\":\"EntryPoint\",\"urlTemplate\":\"https:\/\/afmi.nl\/de\/?s={search_term_string}\"},\"query-input\":{\"@type\":\"PropertyValueSpecification\",\"valueRequired\":true,\"valueName\":\"search_term_string\"}}],\"inLanguage\":\"de-DE\"}]}<\/script>\n<!-- \/ Yoast SEO plugin. -->","yoast_head_json":{"title":"MATERIALBEARBEITUNG - AFMI","robots":{"index":"index","follow":"follow","max-snippet":"max-snippet:-1","max-image-preview":"max-image-preview:large","max-video-preview":"max-video-preview:-1"},"canonical":"https:\/\/afmi.nl\/de\/bewerkingen\/","og_locale":"de_DE","og_type":"article","og_title":"MATERIALBEARBEITUNG - AFMI","og_description":"Wir bearbeiten gelieferte Werkst\u00fccke aus Stahl, Aluminium, Edelstahl und Nichteisenlegierungen, k\u00f6nnen die ben\u00f6tigten Materialien, Guss- oder Schmiedeteile aber auch selbst fertigen. Die Arbeit mit hochwertigen Werkstoffen gem\u00e4\u00df spezifischen Anforderungen und...","og_url":"https:\/\/afmi.nl\/de\/bewerkingen\/","og_site_name":"AFMI","article_modified_time":"2021-07-27T19:31:12+00:00","twitter_card":"summary_large_image","twitter_misc":{"Est. reading time":"1 minute"},"schema":{"@context":"https:\/\/schema.org","@graph":[{"@type":"WebPage","@id":"https:\/\/afmi.nl\/de\/bewerkingen\/","url":"https:\/\/afmi.nl\/de\/bewerkingen\/","name":"MATERIALBEARBEITUNG - AFMI","isPartOf":{"@id":"https:\/\/afmi.nl\/de\/#website"},"datePublished":"2021-06-03T17:11:08+00:00","dateModified":"2021-07-27T19:31:12+00:00","breadcrumb":{"@id":"https:\/\/afmi.nl\/de\/bewerkingen\/#breadcrumb"},"inLanguage":"de-DE","potentialAction":[{"@type":"ReadAction","target":["https:\/\/afmi.nl\/de\/bewerkingen\/"]}]},{"@type":"BreadcrumbList","@id":"https:\/\/afmi.nl\/de\/bewerkingen\/#breadcrumb","itemListElement":[{"@type":"ListItem","position":1,"name":"Home","item":"https:\/\/afmi.nl\/de\/"},{"@type":"ListItem","position":2,"name":"MATERIALBEARBEITUNG"}]},{"@type":"WebSite","@id":"https:\/\/afmi.nl\/de\/#website","url":"https:\/\/afmi.nl\/de\/","name":"AFMI","description":"Verspaande Juweeltjes","potentialAction":[{"@type":"SearchAction","target":{"@type":"EntryPoint","urlTemplate":"https:\/\/afmi.nl\/de\/?s={search_term_string}"},"query-input":{"@type":"PropertyValueSpecification","valueRequired":true,"valueName":"search_term_string"}}],"inLanguage":"de-DE"}]}},"_links":{"self":[{"href":"https:\/\/afmi.nl\/de\/wp-json\/wp\/v2\/pages\/1646","targetHints":{"allow":["GET"]}}],"collection":[{"href":"https:\/\/afmi.nl\/de\/wp-json\/wp\/v2\/pages"}],"about":[{"href":"https:\/\/afmi.nl\/de\/wp-json\/wp\/v2\/types\/page"}],"author":[{"embeddable":true,"href":"https:\/\/afmi.nl\/de\/wp-json\/wp\/v2\/users\/6"}],"replies":[{"embeddable":true,"href":"https:\/\/afmi.nl\/de\/wp-json\/wp\/v2\/comments?post=1646"}],"version-history":[{"count":2,"href":"https:\/\/afmi.nl\/de\/wp-json\/wp\/v2\/pages\/1646\/revisions"}],"predecessor-version":[{"id":1649,"href":"https:\/\/afmi.nl\/de\/wp-json\/wp\/v2\/pages\/1646\/revisions\/1649"}],"wp:attachment":[{"href":"https:\/\/afmi.nl\/de\/wp-json\/wp\/v2\/media?parent=1646"}],"curies":[{"name":"wp","href":"https:\/\/api.w.org\/{rel}","templated":true}]}}