{"id":53,"date":"2018-11-22T10:25:09","date_gmt":"2018-11-22T10:25:09","guid":{"rendered":"https:\/\/www.afmi.nl\/home\/"},"modified":"2024-10-31T08:49:56","modified_gmt":"2024-10-31T08:49:56","slug":"home","status":"publish","type":"page","link":"https:\/\/afmi.nl\/de\/","title":{"rendered":"AFMI Verspanende Industrie"},"content":{"rendered":"\n<p> Ben\u00f6tigen Sie eine Metallbearbeitung? Ob es um das Zerspanen von Gussteilen oder die Herstellung von Produkten aus Vollmaterial geht &#8230; bei AFMI sorgen wir f\u00fcr das gew\u00fcnschte Ergebnis! An unserem Standort in Hengelo verf\u00fcgen wir \u00fcber einen umfangreichen Maschinenpark mit einer breiten Palette an Bearbeitungstechniken.<\/p>\n\n\n\n<p> In Verbindung mit unserer langj\u00e4hrigen Erfahrung und den besten Materialien garantieren wir qualitativ hochwertige und fortschrittliche Produkte. Selbstverst\u00e4ndlich immer in Absprache mit Ihnen als Auftraggeber. Denn der Kundenwunsch steht immer an erster Stelle! <\/p>\n","protected":false},"excerpt":{"rendered":"<p>Ben\u00f6tigen Sie eine Metallbearbeitung? Ob es um das Zerspanen von Gussteilen oder die Herstellung von Produkten aus Vollmaterial geht &#8230; bei AFMI sorgen wir f\u00fcr das gew\u00fcnschte Ergebnis! An unserem&#8230;<\/p>\n","protected":false},"author":1,"featured_media":210,"parent":0,"menu_order":35,"comment_status":"closed","ping_status":"closed","template":"page-home.php","meta":{"_acf_changed":false,"footnotes":""},"class_list":["post-53","page","type-page","status-publish","has-post-thumbnail","hentry"],"acf":[],"yoast_head":"<!-- This site is optimized with the Yoast SEO plugin v27.2 - https:\/\/yoast.com\/product\/yoast-seo-wordpress\/ -->\n<title>AFMI Verspanende Industrie - Metaalbewerking met ongekende mogelijkheden<\/title>\n<meta name=\"description\" content=\"Bij AFMI verspaningen helpen we je graag met alle metaalbewerkingen. Of het nou gaat om CNC frezen, draaien of slijpen\u2026 wij zorgen voor het gewenste resultaat!\" \/>\n<meta name=\"robots\" content=\"index, follow, max-snippet:-1, max-image-preview:large, max-video-preview:-1\" \/>\n<link rel=\"canonical\" href=\"https:\/\/afmi.nl\/de\/\" \/>\n<meta property=\"og:locale\" content=\"de_DE\" \/>\n<meta property=\"og:type\" content=\"article\" \/>\n<meta property=\"og:title\" content=\"AFMI Verspanende Industrie - Metaalbewerking met ongekende mogelijkheden\" \/>\n<meta property=\"og:description\" content=\"Bij AFMI verspaningen helpen we je graag met alle metaalbewerkingen. Of het nou gaat om CNC frezen, draaien of slijpen\u2026 wij zorgen voor het gewenste resultaat!\" \/>\n<meta property=\"og:url\" content=\"https:\/\/afmi.nl\/de\/\" \/>\n<meta property=\"og:site_name\" content=\"AFMI\" \/>\n<meta property=\"article:modified_time\" content=\"2024-10-31T08:49:56+00:00\" \/>\n<meta property=\"og:image\" content=\"https:\/\/afmi.nl\/wp-content\/uploads\/2019\/03\/Frezen-1.jpg\" \/>\n\t<meta property=\"og:image:width\" content=\"2000\" \/>\n\t<meta property=\"og:image:height\" content=\"1072\" \/>\n\t<meta property=\"og:image:type\" content=\"image\/jpeg\" \/>\n<meta name=\"twitter:card\" content=\"summary_large_image\" \/>\n<meta name=\"twitter:label1\" content=\"Est. reading time\" \/>\n\t<meta name=\"twitter:data1\" content=\"1 minute\" \/>\n<script type=\"application\/ld+json\" class=\"yoast-schema-graph\">{\"@context\":\"https:\/\/schema.org\",\"@graph\":[{\"@type\":\"WebPage\",\"@id\":\"https:\/\/afmi.nl\/de\/\",\"url\":\"https:\/\/afmi.nl\/de\/\",\"name\":\"AFMI Verspanende Industrie - Metaalbewerking met ongekende mogelijkheden\",\"isPartOf\":{\"@id\":\"https:\/\/afmi.nl\/de\/#website\"},\"primaryImageOfPage\":{\"@id\":\"https:\/\/afmi.nl\/de\/#primaryimage\"},\"image\":{\"@id\":\"https:\/\/afmi.nl\/de\/#primaryimage\"},\"thumbnailUrl\":\"https:\/\/afmi.nl\/wp-content\/uploads\/2019\/03\/Frezen-1.jpg\",\"datePublished\":\"2018-11-22T10:25:09+00:00\",\"dateModified\":\"2024-10-31T08:49:56+00:00\",\"description\":\"Bij AFMI verspaningen helpen we je graag met alle metaalbewerkingen. Of het nou gaat om CNC frezen, draaien of slijpen\u2026 wij zorgen voor het gewenste resultaat!\",\"breadcrumb\":{\"@id\":\"https:\/\/afmi.nl\/de\/#breadcrumb\"},\"inLanguage\":\"de-DE\",\"potentialAction\":[{\"@type\":\"ReadAction\",\"target\":[\"https:\/\/afmi.nl\/de\/\"]}]},{\"@type\":\"ImageObject\",\"inLanguage\":\"de-DE\",\"@id\":\"https:\/\/afmi.nl\/de\/#primaryimage\",\"url\":\"https:\/\/afmi.nl\/wp-content\/uploads\/2019\/03\/Frezen-1.jpg\",\"contentUrl\":\"https:\/\/afmi.nl\/wp-content\/uploads\/2019\/03\/Frezen-1.jpg\",\"width\":2000,\"height\":1072},{\"@type\":\"BreadcrumbList\",\"@id\":\"https:\/\/afmi.nl\/de\/#breadcrumb\",\"itemListElement\":[{\"@type\":\"ListItem\",\"position\":1,\"name\":\"Home\",\"item\":\"https:\/\/afmi.nl\/de\/\"},{\"@type\":\"ListItem\",\"position\":2,\"name\":\"AFMI Verspanende Industrie\"}]},{\"@type\":\"WebSite\",\"@id\":\"https:\/\/afmi.nl\/de\/#website\",\"url\":\"https:\/\/afmi.nl\/de\/\",\"name\":\"AFMI\",\"description\":\"Verspaande Juweeltjes\",\"potentialAction\":[{\"@type\":\"SearchAction\",\"target\":{\"@type\":\"EntryPoint\",\"urlTemplate\":\"https:\/\/afmi.nl\/de\/?s={search_term_string}\"},\"query-input\":{\"@type\":\"PropertyValueSpecification\",\"valueRequired\":true,\"valueName\":\"search_term_string\"}}],\"inLanguage\":\"de-DE\"}]}<\/script>\n<!-- \/ Yoast SEO plugin. -->","yoast_head_json":{"title":"AFMI Verspanende Industrie - Metaalbewerking met ongekende mogelijkheden","description":"Bij AFMI verspaningen helpen we je graag met alle metaalbewerkingen. Of het nou gaat om CNC frezen, draaien of slijpen\u2026 wij zorgen voor het gewenste resultaat!","robots":{"index":"index","follow":"follow","max-snippet":"max-snippet:-1","max-image-preview":"max-image-preview:large","max-video-preview":"max-video-preview:-1"},"canonical":"https:\/\/afmi.nl\/de\/","og_locale":"de_DE","og_type":"article","og_title":"AFMI Verspanende Industrie - Metaalbewerking met ongekende mogelijkheden","og_description":"Bij AFMI verspaningen helpen we je graag met alle metaalbewerkingen. Of het nou gaat om CNC frezen, draaien of slijpen\u2026 wij zorgen voor het gewenste resultaat!","og_url":"https:\/\/afmi.nl\/de\/","og_site_name":"AFMI","article_modified_time":"2024-10-31T08:49:56+00:00","og_image":[{"width":2000,"height":1072,"url":"https:\/\/afmi.nl\/wp-content\/uploads\/2019\/03\/Frezen-1.jpg","type":"image\/jpeg"}],"twitter_card":"summary_large_image","twitter_misc":{"Est. reading time":"1 minute"},"schema":{"@context":"https:\/\/schema.org","@graph":[{"@type":"WebPage","@id":"https:\/\/afmi.nl\/de\/","url":"https:\/\/afmi.nl\/de\/","name":"AFMI Verspanende Industrie - Metaalbewerking met ongekende mogelijkheden","isPartOf":{"@id":"https:\/\/afmi.nl\/de\/#website"},"primaryImageOfPage":{"@id":"https:\/\/afmi.nl\/de\/#primaryimage"},"image":{"@id":"https:\/\/afmi.nl\/de\/#primaryimage"},"thumbnailUrl":"https:\/\/afmi.nl\/wp-content\/uploads\/2019\/03\/Frezen-1.jpg","datePublished":"2018-11-22T10:25:09+00:00","dateModified":"2024-10-31T08:49:56+00:00","description":"Bij AFMI verspaningen helpen we je graag met alle metaalbewerkingen. Of het nou gaat om CNC frezen, draaien of slijpen\u2026 wij zorgen voor het gewenste resultaat!","breadcrumb":{"@id":"https:\/\/afmi.nl\/de\/#breadcrumb"},"inLanguage":"de-DE","potentialAction":[{"@type":"ReadAction","target":["https:\/\/afmi.nl\/de\/"]}]},{"@type":"ImageObject","inLanguage":"de-DE","@id":"https:\/\/afmi.nl\/de\/#primaryimage","url":"https:\/\/afmi.nl\/wp-content\/uploads\/2019\/03\/Frezen-1.jpg","contentUrl":"https:\/\/afmi.nl\/wp-content\/uploads\/2019\/03\/Frezen-1.jpg","width":2000,"height":1072},{"@type":"BreadcrumbList","@id":"https:\/\/afmi.nl\/de\/#breadcrumb","itemListElement":[{"@type":"ListItem","position":1,"name":"Home","item":"https:\/\/afmi.nl\/de\/"},{"@type":"ListItem","position":2,"name":"AFMI Verspanende Industrie"}]},{"@type":"WebSite","@id":"https:\/\/afmi.nl\/de\/#website","url":"https:\/\/afmi.nl\/de\/","name":"AFMI","description":"Verspaande Juweeltjes","potentialAction":[{"@type":"SearchAction","target":{"@type":"EntryPoint","urlTemplate":"https:\/\/afmi.nl\/de\/?s={search_term_string}"},"query-input":{"@type":"PropertyValueSpecification","valueRequired":true,"valueName":"search_term_string"}}],"inLanguage":"de-DE"}]}},"_links":{"self":[{"href":"https:\/\/afmi.nl\/de\/wp-json\/wp\/v2\/pages\/53","targetHints":{"allow":["GET"]}}],"collection":[{"href":"https:\/\/afmi.nl\/de\/wp-json\/wp\/v2\/pages"}],"about":[{"href":"https:\/\/afmi.nl\/de\/wp-json\/wp\/v2\/types\/page"}],"author":[{"embeddable":true,"href":"https:\/\/afmi.nl\/de\/wp-json\/wp\/v2\/users\/1"}],"replies":[{"embeddable":true,"href":"https:\/\/afmi.nl\/de\/wp-json\/wp\/v2\/comments?post=53"}],"version-history":[{"count":12,"href":"https:\/\/afmi.nl\/de\/wp-json\/wp\/v2\/pages\/53\/revisions"}],"predecessor-version":[{"id":61706,"href":"https:\/\/afmi.nl\/de\/wp-json\/wp\/v2\/pages\/53\/revisions\/61706"}],"wp:featuredmedia":[{"embeddable":true,"href":"https:\/\/afmi.nl\/de\/wp-json\/wp\/v2\/media\/210"}],"wp:attachment":[{"href":"https:\/\/afmi.nl\/de\/wp-json\/wp\/v2\/media?parent=53"}],"curies":[{"name":"wp","href":"https:\/\/api.w.org\/{rel}","templated":true}]}}