{"id":542,"date":"2019-06-04T13:32:06","date_gmt":"2019-06-04T13:32:06","guid":{"rendered":"https:\/\/www.afmi.nl\/veelgestelde-vragen\/"},"modified":"2019-06-29T08:09:18","modified_gmt":"2019-06-29T08:09:18","slug":"faq-de","status":"publish","type":"page","link":"https:\/\/afmi.nl\/de\/faq-de\/","title":{"rendered":"H\u00e4ufig gestellte Fragen"},"content":{"rendered":"\n<div class=\"schema-faq wp-block-yoast-faq-block\"><div class=\"schema-faq-section\"><strong class=\"schema-faq-question\">Wat ist Fr\u00e4sen?<\/strong> <p class=\"schema-faq-answer\">Fr\u00e4sen ist ein Bearbeitungsvorgang, bei dem das Material mit einem rotierenden Werkzeug abgetragen wird. Wir legen das Werkst\u00fcck in eine Maschine und anschlie\u00dfend bewegt sich der Fr\u00e4ser dann, um dem Werkst\u00fcck die gew\u00fcnschte Form zu geben. Auf diese Weise fertigen wir Schlitze und L\u00f6cher in Metall. Mit verschiedenen Fr\u00e4swerkzeugen und Maschinen k\u00f6nnen wir eine Vielzahl von Formen schaffen. <\/p> <\/div> <div class=\"schema-faq-section\"><strong class=\"schema-faq-question\">Wat ist Drehen?<\/strong> <p class=\"schema-faq-answer\">Das Drehen ist eine Bearbeitungstechnik, bei der wir ein metallisches Werkst\u00fcck bearbeiten. Wir legen das Werkst\u00fcck in eine Spannvorrichtung einer Drehmaschine. Diese Spannvorrichtung dreht sich mit hoher Geschwindigkeit. Dabei wird ein Mei\u00dfel in L\u00e4ngs- (axial) und Querrichtung (radial) gegen das Werkst\u00fcck gedr\u00fcckt. Durch bestimmte Einstellungen an der Maschine, wie Geschwindigkeit und Art des Mei\u00dfels, bestimmen wir die gew\u00fcnschte Form des Endprodukts.   <\/p> <\/div> <div class=\"schema-faq-section\"><strong class=\"schema-faq-question\">Wat ist Schleifen?<\/strong> <p class=\"schema-faq-answer\">Schleifen wird eingesetzt, wenn wir eine Metalloberfl\u00e4che sehr genau bearbeiten m\u00fcssen. Dazu verwenden wir eine Schleifscheibe. Ber\u00fchrt die Schleifscheibe das Werkst\u00fcck, sorgen die Schnittkanten daf\u00fcr, dass das Material nur sehr gering abgetragen wird. Wir unterscheiden grob zwei Schleifverfahren, n\u00e4mlich Flachschleifen und Rundschleifen. Das Flachschleifen kann mit dem Fr\u00e4sen verglichen werden. Die Schleifscheibe bewegt sich mit der Drehachse parallel zur bearbeiteten Oberfl\u00e4che. Das Schleifen ist mit dem Drehen vergleichbar. Allerdings ist die Drehung der Schleifscheibe die Hauptbewegung und die Drehung des Werkst\u00fccks die Vorschubbewegung. <br\/><br\/>Ein Schleifvorgang wird angewandt, wenn: <br\/> \u25cf\u00a0\u00a0\u00a0\u00a0\u00a0 ein hohes Ma\u00df an Genauigkeit erforderlich ist; <br\/> \u25cf\u00a0\u00a0\u00a0\u00a0\u00a0 eine bestimmte Oberfl\u00e4chenqualit\u00e4t gefordert ist;<br\/> \u25cf\u00a0\u00a0\u00a0\u00a0\u00a0 das Werkst\u00fcck sehr hart ist; <br\/> \u25cf\u00a0\u00a0\u00a0\u00a0\u00a0 die zul\u00e4ssigen Bearbeitungskr\u00e4fte gering sind; <br\/> \u25cf\u00a0\u00a0\u00a0\u00a0\u00a0 und die zu entfernende Schicht sehr d\u00fcnn ist.  <\/p> <\/div> <div class=\"schema-faq-section\"><strong class=\"schema-faq-question\"><\/strong> <p class=\"schema-faq-answer\"><\/p> <\/div> <\/div>\n","protected":false},"excerpt":{"rendered":"","protected":false},"author":1,"featured_media":368,"parent":0,"menu_order":31,"comment_status":"closed","ping_status":"closed","template":"","meta":{"_acf_changed":false,"footnotes":""},"class_list":["post-542","page","type-page","status-publish","has-post-thumbnail","hentry"],"acf":[],"yoast_head":"<!-- This site is optimized with the Yoast SEO plugin v27.5 - https:\/\/yoast.com\/product\/yoast-seo-wordpress\/ -->\n<title>H\u00e4ufig gestellte Fragen - AFMI<\/title>\n<meta name=\"description\" content=\"Haben Sie eine Frage zur Bearbeitung, zu einem unserer Dienstleistungen oder zu unseren Maschinen? Wir beantworten die am h\u00e4ufigsten gestellten Fragen.\" \/>\n<meta name=\"robots\" content=\"index, follow, max-snippet:-1, max-image-preview:large, max-video-preview:-1\" \/>\n<link rel=\"canonical\" href=\"https:\/\/afmi.nl\/de\/faq-de\/\" \/>\n<meta property=\"og:locale\" content=\"de_DE\" \/>\n<meta property=\"og:type\" content=\"article\" \/>\n<meta property=\"og:title\" content=\"H\u00e4ufig gestellte Fragen - AFMI\" \/>\n<meta property=\"og:description\" content=\"Haben Sie eine Frage zur Bearbeitung, zu einem unserer Dienstleistungen oder zu unseren Maschinen? Wir beantworten die am h\u00e4ufigsten gestellten Fragen.\" \/>\n<meta property=\"og:url\" content=\"https:\/\/afmi.nl\/de\/faq-de\/\" \/>\n<meta property=\"og:site_name\" content=\"AFMI\" \/>\n<meta property=\"article:modified_time\" content=\"2019-06-29T08:09:18+00:00\" \/>\n<meta property=\"og:image\" content=\"https:\/\/afmi.nl\/wp-content\/uploads\/2019\/03\/4.jpg\" \/>\n\t<meta property=\"og:image:width\" content=\"2064\" \/>\n\t<meta property=\"og:image:height\" content=\"512\" \/>\n\t<meta property=\"og:image:type\" content=\"image\/jpeg\" \/>\n<meta name=\"twitter:card\" content=\"summary_large_image\" \/>\n<meta name=\"twitter:label1\" content=\"Est. reading time\" \/>\n\t<meta name=\"twitter:data1\" content=\"1 minute\" \/>\n<script type=\"application\/ld+json\" class=\"yoast-schema-graph\">{\"@context\":\"https:\\\/\\\/schema.org\",\"@graph\":[{\"@type\":[\"WebPage\",\"FAQPage\"],\"@id\":\"https:\\\/\\\/afmi.nl\\\/de\\\/faq-de\\\/\",\"url\":\"https:\\\/\\\/afmi.nl\\\/de\\\/faq-de\\\/\",\"name\":\"H\u00e4ufig gestellte Fragen - AFMI\",\"isPartOf\":{\"@id\":\"https:\\\/\\\/afmi.nl\\\/de\\\/#website\"},\"primaryImageOfPage\":{\"@id\":\"https:\\\/\\\/afmi.nl\\\/de\\\/faq-de\\\/#primaryimage\"},\"image\":{\"@id\":\"https:\\\/\\\/afmi.nl\\\/de\\\/faq-de\\\/#primaryimage\"},\"thumbnailUrl\":\"https:\\\/\\\/afmi.nl\\\/wp-content\\\/uploads\\\/2019\\\/03\\\/4.jpg\",\"datePublished\":\"2019-06-04T13:32:06+00:00\",\"dateModified\":\"2019-06-29T08:09:18+00:00\",\"description\":\"Haben Sie eine Frage zur Bearbeitung, zu einem unserer Dienstleistungen oder zu unseren Maschinen? Wir beantworten die am h\u00e4ufigsten gestellten Fragen.\",\"breadcrumb\":{\"@id\":\"https:\\\/\\\/afmi.nl\\\/de\\\/faq-de\\\/#breadcrumb\"},\"mainEntity\":[{\"@id\":\"https:\\\/\\\/afmi.nl\\\/de\\\/faq-de\\\/#faq-question-1559655216608\"},{\"@id\":\"https:\\\/\\\/afmi.nl\\\/de\\\/faq-de\\\/#faq-question-1559655228084\"},{\"@id\":\"https:\\\/\\\/afmi.nl\\\/de\\\/faq-de\\\/#faq-question-1559655231798\"}],\"inLanguage\":\"de-DE\",\"potentialAction\":[{\"@type\":\"ReadAction\",\"target\":[\"https:\\\/\\\/afmi.nl\\\/de\\\/faq-de\\\/\"]}]},{\"@type\":\"ImageObject\",\"inLanguage\":\"de-DE\",\"@id\":\"https:\\\/\\\/afmi.nl\\\/de\\\/faq-de\\\/#primaryimage\",\"url\":\"https:\\\/\\\/afmi.nl\\\/wp-content\\\/uploads\\\/2019\\\/03\\\/4.jpg\",\"contentUrl\":\"https:\\\/\\\/afmi.nl\\\/wp-content\\\/uploads\\\/2019\\\/03\\\/4.jpg\",\"width\":2064,\"height\":512},{\"@type\":\"BreadcrumbList\",\"@id\":\"https:\\\/\\\/afmi.nl\\\/de\\\/faq-de\\\/#breadcrumb\",\"itemListElement\":[{\"@type\":\"ListItem\",\"position\":1,\"name\":\"Home\",\"item\":\"https:\\\/\\\/afmi.nl\\\/de\\\/\"},{\"@type\":\"ListItem\",\"position\":2,\"name\":\"H\u00e4ufig gestellte Fragen\"}]},{\"@type\":\"WebSite\",\"@id\":\"https:\\\/\\\/afmi.nl\\\/de\\\/#website\",\"url\":\"https:\\\/\\\/afmi.nl\\\/de\\\/\",\"name\":\"AFMI\",\"description\":\"Verspaande Juweeltjes\",\"potentialAction\":[{\"@type\":\"SearchAction\",\"target\":{\"@type\":\"EntryPoint\",\"urlTemplate\":\"https:\\\/\\\/afmi.nl\\\/de\\\/?s={search_term_string}\"},\"query-input\":{\"@type\":\"PropertyValueSpecification\",\"valueRequired\":true,\"valueName\":\"search_term_string\"}}],\"inLanguage\":\"de-DE\"},{\"@type\":\"Question\",\"@id\":\"https:\\\/\\\/afmi.nl\\\/de\\\/faq-de\\\/#faq-question-1559655216608\",\"position\":1,\"url\":\"https:\\\/\\\/afmi.nl\\\/de\\\/faq-de\\\/#faq-question-1559655216608\",\"name\":\"Wat ist Fr\u00e4sen?\",\"answerCount\":1,\"acceptedAnswer\":{\"@type\":\"Answer\",\"text\":\"Fr\u00e4sen ist ein Bearbeitungsvorgang, bei dem das Material mit einem rotierenden Werkzeug abgetragen wird. Wir legen das Werkst\u00fcck in eine Maschine und anschlie\u00dfend bewegt sich der Fr\u00e4ser dann, um dem Werkst\u00fcck die gew\u00fcnschte Form zu geben. Auf diese Weise fertigen wir Schlitze und L\u00f6cher in Metall. Mit verschiedenen Fr\u00e4swerkzeugen und Maschinen k\u00f6nnen wir eine Vielzahl von Formen schaffen. \",\"inLanguage\":\"de-DE\"},\"inLanguage\":\"de-DE\"},{\"@type\":\"Question\",\"@id\":\"https:\\\/\\\/afmi.nl\\\/de\\\/faq-de\\\/#faq-question-1559655228084\",\"position\":2,\"url\":\"https:\\\/\\\/afmi.nl\\\/de\\\/faq-de\\\/#faq-question-1559655228084\",\"name\":\"Wat ist Drehen?\",\"answerCount\":1,\"acceptedAnswer\":{\"@type\":\"Answer\",\"text\":\"Das Drehen ist eine Bearbeitungstechnik, bei der wir ein metallisches Werkst\u00fcck bearbeiten. Wir legen das Werkst\u00fcck in eine Spannvorrichtung einer Drehmaschine. Diese Spannvorrichtung dreht sich mit hoher Geschwindigkeit. Dabei wird ein Mei\u00dfel in L\u00e4ngs- (axial) und Querrichtung (radial) gegen das Werkst\u00fcck gedr\u00fcckt. Durch bestimmte Einstellungen an der Maschine, wie Geschwindigkeit und Art des Mei\u00dfels, bestimmen wir die gew\u00fcnschte Form des Endprodukts.   \",\"inLanguage\":\"de-DE\"},\"inLanguage\":\"de-DE\"},{\"@type\":\"Question\",\"@id\":\"https:\\\/\\\/afmi.nl\\\/de\\\/faq-de\\\/#faq-question-1559655231798\",\"position\":3,\"url\":\"https:\\\/\\\/afmi.nl\\\/de\\\/faq-de\\\/#faq-question-1559655231798\",\"name\":\"Wat ist Schleifen?\",\"answerCount\":1,\"acceptedAnswer\":{\"@type\":\"Answer\",\"text\":\"Schleifen wird eingesetzt, wenn wir eine Metalloberfl\u00e4che sehr genau bearbeiten m\u00fcssen. Dazu verwenden wir eine Schleifscheibe. Ber\u00fchrt die Schleifscheibe das Werkst\u00fcck, sorgen die Schnittkanten daf\u00fcr, dass das Material nur sehr gering abgetragen wird. Wir unterscheiden grob zwei Schleifverfahren, n\u00e4mlich Flachschleifen und Rundschleifen. Das Flachschleifen kann mit dem Fr\u00e4sen verglichen werden. Die Schleifscheibe bewegt sich mit der Drehachse parallel zur bearbeiteten Oberfl\u00e4che. Das Schleifen ist mit dem Drehen vergleichbar. Allerdings ist die Drehung der Schleifscheibe die Hauptbewegung und die Drehung des Werkst\u00fccks die Vorschubbewegung. Ein Schleifvorgang wird angewandt, wenn:  \u25cf\u00a0\u00a0\u00a0\u00a0\u00a0 ein hohes Ma\u00df an Genauigkeit erforderlich ist;  \u25cf\u00a0\u00a0\u00a0\u00a0\u00a0 eine bestimmte Oberfl\u00e4chenqualit\u00e4t gefordert ist; \u25cf\u00a0\u00a0\u00a0\u00a0\u00a0 das Werkst\u00fcck sehr hart ist;  \u25cf\u00a0\u00a0\u00a0\u00a0\u00a0 die zul\u00e4ssigen Bearbeitungskr\u00e4fte gering sind;  \u25cf\u00a0\u00a0\u00a0\u00a0\u00a0 und die zu entfernende Schicht sehr d\u00fcnn ist.  \",\"inLanguage\":\"de-DE\"},\"inLanguage\":\"de-DE\"}]}<\/script>\n<!-- \/ Yoast SEO plugin. -->","yoast_head_json":{"title":"H\u00e4ufig gestellte Fragen - AFMI","description":"Haben Sie eine Frage zur Bearbeitung, zu einem unserer Dienstleistungen oder zu unseren Maschinen? Wir beantworten die am h\u00e4ufigsten gestellten Fragen.","robots":{"index":"index","follow":"follow","max-snippet":"max-snippet:-1","max-image-preview":"max-image-preview:large","max-video-preview":"max-video-preview:-1"},"canonical":"https:\/\/afmi.nl\/de\/faq-de\/","og_locale":"de_DE","og_type":"article","og_title":"H\u00e4ufig gestellte Fragen - AFMI","og_description":"Haben Sie eine Frage zur Bearbeitung, zu einem unserer Dienstleistungen oder zu unseren Maschinen? Wir beantworten die am h\u00e4ufigsten gestellten Fragen.","og_url":"https:\/\/afmi.nl\/de\/faq-de\/","og_site_name":"AFMI","article_modified_time":"2019-06-29T08:09:18+00:00","og_image":[{"width":2064,"height":512,"url":"https:\/\/afmi.nl\/wp-content\/uploads\/2019\/03\/4.jpg","type":"image\/jpeg"}],"twitter_card":"summary_large_image","twitter_misc":{"Est. reading time":"1 minute"},"schema":{"@context":"https:\/\/schema.org","@graph":[{"@type":["WebPage","FAQPage"],"@id":"https:\/\/afmi.nl\/de\/faq-de\/","url":"https:\/\/afmi.nl\/de\/faq-de\/","name":"H\u00e4ufig gestellte Fragen - AFMI","isPartOf":{"@id":"https:\/\/afmi.nl\/de\/#website"},"primaryImageOfPage":{"@id":"https:\/\/afmi.nl\/de\/faq-de\/#primaryimage"},"image":{"@id":"https:\/\/afmi.nl\/de\/faq-de\/#primaryimage"},"thumbnailUrl":"https:\/\/afmi.nl\/wp-content\/uploads\/2019\/03\/4.jpg","datePublished":"2019-06-04T13:32:06+00:00","dateModified":"2019-06-29T08:09:18+00:00","description":"Haben Sie eine Frage zur Bearbeitung, zu einem unserer Dienstleistungen oder zu unseren Maschinen? Wir beantworten die am h\u00e4ufigsten gestellten Fragen.","breadcrumb":{"@id":"https:\/\/afmi.nl\/de\/faq-de\/#breadcrumb"},"mainEntity":[{"@id":"https:\/\/afmi.nl\/de\/faq-de\/#faq-question-1559655216608"},{"@id":"https:\/\/afmi.nl\/de\/faq-de\/#faq-question-1559655228084"},{"@id":"https:\/\/afmi.nl\/de\/faq-de\/#faq-question-1559655231798"}],"inLanguage":"de-DE","potentialAction":[{"@type":"ReadAction","target":["https:\/\/afmi.nl\/de\/faq-de\/"]}]},{"@type":"ImageObject","inLanguage":"de-DE","@id":"https:\/\/afmi.nl\/de\/faq-de\/#primaryimage","url":"https:\/\/afmi.nl\/wp-content\/uploads\/2019\/03\/4.jpg","contentUrl":"https:\/\/afmi.nl\/wp-content\/uploads\/2019\/03\/4.jpg","width":2064,"height":512},{"@type":"BreadcrumbList","@id":"https:\/\/afmi.nl\/de\/faq-de\/#breadcrumb","itemListElement":[{"@type":"ListItem","position":1,"name":"Home","item":"https:\/\/afmi.nl\/de\/"},{"@type":"ListItem","position":2,"name":"H\u00e4ufig gestellte Fragen"}]},{"@type":"WebSite","@id":"https:\/\/afmi.nl\/de\/#website","url":"https:\/\/afmi.nl\/de\/","name":"AFMI","description":"Verspaande Juweeltjes","potentialAction":[{"@type":"SearchAction","target":{"@type":"EntryPoint","urlTemplate":"https:\/\/afmi.nl\/de\/?s={search_term_string}"},"query-input":{"@type":"PropertyValueSpecification","valueRequired":true,"valueName":"search_term_string"}}],"inLanguage":"de-DE"},{"@type":"Question","@id":"https:\/\/afmi.nl\/de\/faq-de\/#faq-question-1559655216608","position":1,"url":"https:\/\/afmi.nl\/de\/faq-de\/#faq-question-1559655216608","name":"Wat ist Fr\u00e4sen?","answerCount":1,"acceptedAnswer":{"@type":"Answer","text":"Fr\u00e4sen ist ein Bearbeitungsvorgang, bei dem das Material mit einem rotierenden Werkzeug abgetragen wird. Wir legen das Werkst\u00fcck in eine Maschine und anschlie\u00dfend bewegt sich der Fr\u00e4ser dann, um dem Werkst\u00fcck die gew\u00fcnschte Form zu geben. Auf diese Weise fertigen wir Schlitze und L\u00f6cher in Metall. Mit verschiedenen Fr\u00e4swerkzeugen und Maschinen k\u00f6nnen wir eine Vielzahl von Formen schaffen. ","inLanguage":"de-DE"},"inLanguage":"de-DE"},{"@type":"Question","@id":"https:\/\/afmi.nl\/de\/faq-de\/#faq-question-1559655228084","position":2,"url":"https:\/\/afmi.nl\/de\/faq-de\/#faq-question-1559655228084","name":"Wat ist Drehen?","answerCount":1,"acceptedAnswer":{"@type":"Answer","text":"Das Drehen ist eine Bearbeitungstechnik, bei der wir ein metallisches Werkst\u00fcck bearbeiten. Wir legen das Werkst\u00fcck in eine Spannvorrichtung einer Drehmaschine. Diese Spannvorrichtung dreht sich mit hoher Geschwindigkeit. Dabei wird ein Mei\u00dfel in L\u00e4ngs- (axial) und Querrichtung (radial) gegen das Werkst\u00fcck gedr\u00fcckt. Durch bestimmte Einstellungen an der Maschine, wie Geschwindigkeit und Art des Mei\u00dfels, bestimmen wir die gew\u00fcnschte Form des Endprodukts.   ","inLanguage":"de-DE"},"inLanguage":"de-DE"},{"@type":"Question","@id":"https:\/\/afmi.nl\/de\/faq-de\/#faq-question-1559655231798","position":3,"url":"https:\/\/afmi.nl\/de\/faq-de\/#faq-question-1559655231798","name":"Wat ist Schleifen?","answerCount":1,"acceptedAnswer":{"@type":"Answer","text":"Schleifen wird eingesetzt, wenn wir eine Metalloberfl\u00e4che sehr genau bearbeiten m\u00fcssen. Dazu verwenden wir eine Schleifscheibe. Ber\u00fchrt die Schleifscheibe das Werkst\u00fcck, sorgen die Schnittkanten daf\u00fcr, dass das Material nur sehr gering abgetragen wird. Wir unterscheiden grob zwei Schleifverfahren, n\u00e4mlich Flachschleifen und Rundschleifen. Das Flachschleifen kann mit dem Fr\u00e4sen verglichen werden. Die Schleifscheibe bewegt sich mit der Drehachse parallel zur bearbeiteten Oberfl\u00e4che. Das Schleifen ist mit dem Drehen vergleichbar. Allerdings ist die Drehung der Schleifscheibe die Hauptbewegung und die Drehung des Werkst\u00fccks die Vorschubbewegung. Ein Schleifvorgang wird angewandt, wenn:  \u25cf\u00a0\u00a0\u00a0\u00a0\u00a0 ein hohes Ma\u00df an Genauigkeit erforderlich ist;  \u25cf\u00a0\u00a0\u00a0\u00a0\u00a0 eine bestimmte Oberfl\u00e4chenqualit\u00e4t gefordert ist; \u25cf\u00a0\u00a0\u00a0\u00a0\u00a0 das Werkst\u00fcck sehr hart ist;  \u25cf\u00a0\u00a0\u00a0\u00a0\u00a0 die zul\u00e4ssigen Bearbeitungskr\u00e4fte gering sind;  \u25cf\u00a0\u00a0\u00a0\u00a0\u00a0 und die zu entfernende Schicht sehr d\u00fcnn ist.  ","inLanguage":"de-DE"},"inLanguage":"de-DE"}]}},"_links":{"self":[{"href":"https:\/\/afmi.nl\/de\/wp-json\/wp\/v2\/pages\/542","targetHints":{"allow":["GET"]}}],"collection":[{"href":"https:\/\/afmi.nl\/de\/wp-json\/wp\/v2\/pages"}],"about":[{"href":"https:\/\/afmi.nl\/de\/wp-json\/wp\/v2\/types\/page"}],"author":[{"embeddable":true,"href":"https:\/\/afmi.nl\/de\/wp-json\/wp\/v2\/users\/1"}],"replies":[{"embeddable":true,"href":"https:\/\/afmi.nl\/de\/wp-json\/wp\/v2\/comments?post=542"}],"version-history":[{"count":5,"href":"https:\/\/afmi.nl\/de\/wp-json\/wp\/v2\/pages\/542\/revisions"}],"predecessor-version":[{"id":925,"href":"https:\/\/afmi.nl\/de\/wp-json\/wp\/v2\/pages\/542\/revisions\/925"}],"wp:featuredmedia":[{"embeddable":true,"href":"https:\/\/afmi.nl\/de\/wp-json\/wp\/v2\/media\/368"}],"wp:attachment":[{"href":"https:\/\/afmi.nl\/de\/wp-json\/wp\/v2\/media?parent=542"}],"curies":[{"name":"wp","href":"https:\/\/api.w.org\/{rel}","templated":true}]}}