{"id":553,"date":"2018-12-07T15:23:45","date_gmt":"2018-12-07T15:23:45","guid":{"rendered":"https:\/\/www.afmi.nl\/onze-werkwijze\/"},"modified":"2019-06-20T19:53:00","modified_gmt":"2019-06-20T19:53:00","slug":"unsere-arbeitsweise","status":"publish","type":"page","link":"https:\/\/afmi.nl\/de\/unsere-arbeitsweise\/","title":{"rendered":"Die Arbeitsweise von AFMI"},"content":{"rendered":"\n<p>Ob Fr\u00e4sen, Drehen oder Schleifen von Metall, bei AFMI zerspanen wir alles mit h\u00f6chster Pr\u00e4zision. Obwohl kein Auftrag wie der andere ist, wenden wir immer ein festes Verfahren an, von der Anfrage \u00fcber die Produktion bis hin zur Qualit\u00e4tskontrolle.<\/p>\n","protected":false},"excerpt":{"rendered":"<p>Ob Fr\u00e4sen, Drehen oder Schleifen von Metall, bei AFMI zerspanen wir alles mit h\u00f6chster Pr\u00e4zision. Obwohl kein Auftrag wie der andere ist, wenden wir immer ein festes Verfahren an, von&#8230;<\/p>\n","protected":false},"author":1,"featured_media":362,"parent":0,"menu_order":45,"comment_status":"closed","ping_status":"closed","template":"page-method.php","meta":{"_acf_changed":false,"footnotes":""},"class_list":["post-553","page","type-page","status-publish","has-post-thumbnail","hentry"],"acf":[],"yoast_head":"<!-- This site is optimized with the Yoast SEO plugin v27.2 - https:\/\/yoast.com\/product\/yoast-seo-wordpress\/ -->\n<title>Die Arbeitsweise von AFMI - AFMI<\/title>\n<meta name=\"description\" content=\"Ob Fr\u00e4sen, Drehen oder Schleifen von Metall, bei AFMI zerspanen wir alles mit h\u00f6chster Pr\u00e4zision. Lesen Sie, wie wir arbeiten.\" \/>\n<meta name=\"robots\" content=\"index, follow, max-snippet:-1, max-image-preview:large, max-video-preview:-1\" \/>\n<link rel=\"canonical\" href=\"https:\/\/afmi.nl\/de\/unsere-arbeitsweise\/\" \/>\n<meta property=\"og:locale\" content=\"de_DE\" \/>\n<meta property=\"og:type\" content=\"article\" \/>\n<meta property=\"og:title\" content=\"Die Arbeitsweise von AFMI - AFMI\" \/>\n<meta property=\"og:description\" content=\"Ob Fr\u00e4sen, Drehen oder Schleifen von Metall, bei AFMI zerspanen wir alles mit h\u00f6chster Pr\u00e4zision. Lesen Sie, wie wir arbeiten.\" \/>\n<meta property=\"og:url\" content=\"https:\/\/afmi.nl\/de\/unsere-arbeitsweise\/\" \/>\n<meta property=\"og:site_name\" content=\"AFMI\" \/>\n<meta property=\"article:modified_time\" content=\"2019-06-20T19:53:00+00:00\" \/>\n<meta property=\"og:image\" content=\"https:\/\/afmi.nl\/wp-content\/uploads\/2019\/03\/2.jpg\" \/>\n\t<meta property=\"og:image:width\" content=\"2064\" \/>\n\t<meta property=\"og:image:height\" content=\"512\" \/>\n\t<meta property=\"og:image:type\" content=\"image\/jpeg\" \/>\n<meta name=\"twitter:card\" content=\"summary_large_image\" \/>\n<script type=\"application\/ld+json\" class=\"yoast-schema-graph\">{\"@context\":\"https:\/\/schema.org\",\"@graph\":[{\"@type\":\"WebPage\",\"@id\":\"https:\/\/afmi.nl\/de\/unsere-arbeitsweise\/\",\"url\":\"https:\/\/afmi.nl\/de\/unsere-arbeitsweise\/\",\"name\":\"Die Arbeitsweise von AFMI - AFMI\",\"isPartOf\":{\"@id\":\"https:\/\/afmi.nl\/de\/#website\"},\"primaryImageOfPage\":{\"@id\":\"https:\/\/afmi.nl\/de\/unsere-arbeitsweise\/#primaryimage\"},\"image\":{\"@id\":\"https:\/\/afmi.nl\/de\/unsere-arbeitsweise\/#primaryimage\"},\"thumbnailUrl\":\"https:\/\/afmi.nl\/wp-content\/uploads\/2019\/03\/2.jpg\",\"datePublished\":\"2018-12-07T15:23:45+00:00\",\"dateModified\":\"2019-06-20T19:53:00+00:00\",\"description\":\"Ob Fr\u00e4sen, Drehen oder Schleifen von Metall, bei AFMI zerspanen wir alles mit h\u00f6chster Pr\u00e4zision. Lesen Sie, wie wir arbeiten.\",\"breadcrumb\":{\"@id\":\"https:\/\/afmi.nl\/de\/unsere-arbeitsweise\/#breadcrumb\"},\"inLanguage\":\"de-DE\",\"potentialAction\":[{\"@type\":\"ReadAction\",\"target\":[\"https:\/\/afmi.nl\/de\/unsere-arbeitsweise\/\"]}]},{\"@type\":\"ImageObject\",\"inLanguage\":\"de-DE\",\"@id\":\"https:\/\/afmi.nl\/de\/unsere-arbeitsweise\/#primaryimage\",\"url\":\"https:\/\/afmi.nl\/wp-content\/uploads\/2019\/03\/2.jpg\",\"contentUrl\":\"https:\/\/afmi.nl\/wp-content\/uploads\/2019\/03\/2.jpg\",\"width\":2064,\"height\":512},{\"@type\":\"BreadcrumbList\",\"@id\":\"https:\/\/afmi.nl\/de\/unsere-arbeitsweise\/#breadcrumb\",\"itemListElement\":[{\"@type\":\"ListItem\",\"position\":1,\"name\":\"Home\",\"item\":\"https:\/\/afmi.nl\/de\/\"},{\"@type\":\"ListItem\",\"position\":2,\"name\":\"Die Arbeitsweise von AFMI\"}]},{\"@type\":\"WebSite\",\"@id\":\"https:\/\/afmi.nl\/de\/#website\",\"url\":\"https:\/\/afmi.nl\/de\/\",\"name\":\"AFMI\",\"description\":\"Verspaande Juweeltjes\",\"potentialAction\":[{\"@type\":\"SearchAction\",\"target\":{\"@type\":\"EntryPoint\",\"urlTemplate\":\"https:\/\/afmi.nl\/de\/?s={search_term_string}\"},\"query-input\":{\"@type\":\"PropertyValueSpecification\",\"valueRequired\":true,\"valueName\":\"search_term_string\"}}],\"inLanguage\":\"de-DE\"}]}<\/script>\n<!-- \/ Yoast SEO plugin. -->","yoast_head_json":{"title":"Die Arbeitsweise von AFMI - AFMI","description":"Ob Fr\u00e4sen, Drehen oder Schleifen von Metall, bei AFMI zerspanen wir alles mit h\u00f6chster Pr\u00e4zision. Lesen Sie, wie wir arbeiten.","robots":{"index":"index","follow":"follow","max-snippet":"max-snippet:-1","max-image-preview":"max-image-preview:large","max-video-preview":"max-video-preview:-1"},"canonical":"https:\/\/afmi.nl\/de\/unsere-arbeitsweise\/","og_locale":"de_DE","og_type":"article","og_title":"Die Arbeitsweise von AFMI - AFMI","og_description":"Ob Fr\u00e4sen, Drehen oder Schleifen von Metall, bei AFMI zerspanen wir alles mit h\u00f6chster Pr\u00e4zision. Lesen Sie, wie wir arbeiten.","og_url":"https:\/\/afmi.nl\/de\/unsere-arbeitsweise\/","og_site_name":"AFMI","article_modified_time":"2019-06-20T19:53:00+00:00","og_image":[{"width":2064,"height":512,"url":"https:\/\/afmi.nl\/wp-content\/uploads\/2019\/03\/2.jpg","type":"image\/jpeg"}],"twitter_card":"summary_large_image","schema":{"@context":"https:\/\/schema.org","@graph":[{"@type":"WebPage","@id":"https:\/\/afmi.nl\/de\/unsere-arbeitsweise\/","url":"https:\/\/afmi.nl\/de\/unsere-arbeitsweise\/","name":"Die Arbeitsweise von AFMI - AFMI","isPartOf":{"@id":"https:\/\/afmi.nl\/de\/#website"},"primaryImageOfPage":{"@id":"https:\/\/afmi.nl\/de\/unsere-arbeitsweise\/#primaryimage"},"image":{"@id":"https:\/\/afmi.nl\/de\/unsere-arbeitsweise\/#primaryimage"},"thumbnailUrl":"https:\/\/afmi.nl\/wp-content\/uploads\/2019\/03\/2.jpg","datePublished":"2018-12-07T15:23:45+00:00","dateModified":"2019-06-20T19:53:00+00:00","description":"Ob Fr\u00e4sen, Drehen oder Schleifen von Metall, bei AFMI zerspanen wir alles mit h\u00f6chster Pr\u00e4zision. Lesen Sie, wie wir arbeiten.","breadcrumb":{"@id":"https:\/\/afmi.nl\/de\/unsere-arbeitsweise\/#breadcrumb"},"inLanguage":"de-DE","potentialAction":[{"@type":"ReadAction","target":["https:\/\/afmi.nl\/de\/unsere-arbeitsweise\/"]}]},{"@type":"ImageObject","inLanguage":"de-DE","@id":"https:\/\/afmi.nl\/de\/unsere-arbeitsweise\/#primaryimage","url":"https:\/\/afmi.nl\/wp-content\/uploads\/2019\/03\/2.jpg","contentUrl":"https:\/\/afmi.nl\/wp-content\/uploads\/2019\/03\/2.jpg","width":2064,"height":512},{"@type":"BreadcrumbList","@id":"https:\/\/afmi.nl\/de\/unsere-arbeitsweise\/#breadcrumb","itemListElement":[{"@type":"ListItem","position":1,"name":"Home","item":"https:\/\/afmi.nl\/de\/"},{"@type":"ListItem","position":2,"name":"Die Arbeitsweise von AFMI"}]},{"@type":"WebSite","@id":"https:\/\/afmi.nl\/de\/#website","url":"https:\/\/afmi.nl\/de\/","name":"AFMI","description":"Verspaande Juweeltjes","potentialAction":[{"@type":"SearchAction","target":{"@type":"EntryPoint","urlTemplate":"https:\/\/afmi.nl\/de\/?s={search_term_string}"},"query-input":{"@type":"PropertyValueSpecification","valueRequired":true,"valueName":"search_term_string"}}],"inLanguage":"de-DE"}]}},"_links":{"self":[{"href":"https:\/\/afmi.nl\/de\/wp-json\/wp\/v2\/pages\/553","targetHints":{"allow":["GET"]}}],"collection":[{"href":"https:\/\/afmi.nl\/de\/wp-json\/wp\/v2\/pages"}],"about":[{"href":"https:\/\/afmi.nl\/de\/wp-json\/wp\/v2\/types\/page"}],"author":[{"embeddable":true,"href":"https:\/\/afmi.nl\/de\/wp-json\/wp\/v2\/users\/1"}],"replies":[{"embeddable":true,"href":"https:\/\/afmi.nl\/de\/wp-json\/wp\/v2\/comments?post=553"}],"version-history":[{"count":2,"href":"https:\/\/afmi.nl\/de\/wp-json\/wp\/v2\/pages\/553\/revisions"}],"predecessor-version":[{"id":854,"href":"https:\/\/afmi.nl\/de\/wp-json\/wp\/v2\/pages\/553\/revisions\/854"}],"wp:featuredmedia":[{"embeddable":true,"href":"https:\/\/afmi.nl\/de\/wp-json\/wp\/v2\/media\/362"}],"wp:attachment":[{"href":"https:\/\/afmi.nl\/de\/wp-json\/wp\/v2\/media?parent=553"}],"curies":[{"name":"wp","href":"https:\/\/api.w.org\/{rel}","templated":true}]}}