{"id":557,"date":"2018-12-07T10:46:25","date_gmt":"2018-12-07T10:46:25","guid":{"rendered":"https:\/\/www.afmi.nl\/markten\/"},"modified":"2019-06-16T17:37:48","modified_gmt":"2019-06-16T17:37:48","slug":"maerkte","status":"publish","type":"page","link":"https:\/\/afmi.nl\/de\/maerkte\/","title":{"rendered":"M\u00e4rkte"},"content":{"rendered":"<p>Wir arbeiten f\u00fcr eine gro\u00dfe Anzahl an Auftraggebern in verschiedenen Marktsegmenten. Von der Offshore-Industrie bis zur Yachtbauindustrie, vom Maschinenbau bis zur Medizintechnik. Nachfolgend finden Sie einige spezifische M\u00e4rkte, in denen unsere Kunden t\u00e4tig sind. F\u00fcr jeden Markt zeigen wir Produktbeispiele auf, damit Sie einen guten Eindruck davon bekommen, was wir bei AFMI anfertigen k\u00f6nnen. Dies ist nur ein Beispiel und wir sind nicht an die unten aufgef\u00fchrten M\u00e4rkte gebunden. Wir k\u00f6nnen ebenfalls f\u00fcr andere M\u00e4rkte und Gegebenheiten fr\u00e4sen, schleifen, drehen, gie\u00dfen und gl\u00fchen, also z\u00f6gern Sie nicht, sich mit uns in <a href=\"https:\/\/www.afmi.nl\/de\/kontakt\/\"><u>Verbindung<\/u><\/a>\u00a0zu setzen, wenn Sie eine konkrete Frage haben!<\/p>\n","protected":false},"excerpt":{"rendered":"<p>Wir arbeiten f\u00fcr eine gro\u00dfe Anzahl an Auftraggebern in verschiedenen Marktsegmenten. Von der Offshore-Industrie bis zur Yachtbauindustrie, vom Maschinenbau bis zur Medizintechnik. Nachfolgend finden Sie einige spezifische M\u00e4rkte, in denen&#8230;<\/p>\n","protected":false},"author":1,"featured_media":365,"parent":0,"menu_order":46,"comment_status":"closed","ping_status":"closed","template":"page-branches.php","meta":{"_acf_changed":false,"footnotes":""},"class_list":["post-557","page","type-page","status-publish","has-post-thumbnail","hentry"],"acf":[],"yoast_head":"<!-- This site is optimized with the Yoast SEO plugin v27.2 - https:\/\/yoast.com\/product\/yoast-seo-wordpress\/ -->\n<title>M\u00e4rkte - AFMI<\/title>\n<meta name=\"description\" content=\"Bei AFMI zerspanen wir Metall f\u00fcr ein umfangreiches Marktsegment. Von der Offshore-Industrie bis zur Yachtbauindustrie, vom Maschinenbau bis zur Medizintechnik.\" \/>\n<meta name=\"robots\" content=\"index, follow, max-snippet:-1, max-image-preview:large, max-video-preview:-1\" \/>\n<link rel=\"canonical\" href=\"https:\/\/afmi.nl\/de\/maerkte\/\" \/>\n<meta property=\"og:locale\" content=\"de_DE\" \/>\n<meta property=\"og:type\" content=\"article\" \/>\n<meta property=\"og:title\" content=\"M\u00e4rkte - AFMI\" \/>\n<meta property=\"og:description\" content=\"Bei AFMI zerspanen wir Metall f\u00fcr ein umfangreiches Marktsegment. Von der Offshore-Industrie bis zur Yachtbauindustrie, vom Maschinenbau bis zur Medizintechnik.\" \/>\n<meta property=\"og:url\" content=\"https:\/\/afmi.nl\/de\/maerkte\/\" \/>\n<meta property=\"og:site_name\" content=\"AFMI\" \/>\n<meta property=\"article:modified_time\" content=\"2019-06-16T17:37:48+00:00\" \/>\n<meta property=\"og:image\" content=\"https:\/\/afmi.nl\/wp-content\/uploads\/2019\/03\/3.jpg\" \/>\n\t<meta property=\"og:image:width\" content=\"2064\" \/>\n\t<meta property=\"og:image:height\" content=\"512\" \/>\n\t<meta property=\"og:image:type\" content=\"image\/jpeg\" \/>\n<meta name=\"twitter:card\" content=\"summary_large_image\" \/>\n<meta name=\"twitter:label1\" content=\"Est. reading time\" \/>\n\t<meta name=\"twitter:data1\" content=\"1 minute\" \/>\n<script type=\"application\/ld+json\" class=\"yoast-schema-graph\">{\"@context\":\"https:\/\/schema.org\",\"@graph\":[{\"@type\":\"WebPage\",\"@id\":\"https:\/\/afmi.nl\/de\/maerkte\/\",\"url\":\"https:\/\/afmi.nl\/de\/maerkte\/\",\"name\":\"M\u00e4rkte - AFMI\",\"isPartOf\":{\"@id\":\"https:\/\/afmi.nl\/de\/#website\"},\"primaryImageOfPage\":{\"@id\":\"https:\/\/afmi.nl\/de\/maerkte\/#primaryimage\"},\"image\":{\"@id\":\"https:\/\/afmi.nl\/de\/maerkte\/#primaryimage\"},\"thumbnailUrl\":\"https:\/\/afmi.nl\/wp-content\/uploads\/2019\/03\/3.jpg\",\"datePublished\":\"2018-12-07T10:46:25+00:00\",\"dateModified\":\"2019-06-16T17:37:48+00:00\",\"description\":\"Bei AFMI zerspanen wir Metall f\u00fcr ein umfangreiches Marktsegment. Von der Offshore-Industrie bis zur Yachtbauindustrie, vom Maschinenbau bis zur Medizintechnik.\",\"breadcrumb\":{\"@id\":\"https:\/\/afmi.nl\/de\/maerkte\/#breadcrumb\"},\"inLanguage\":\"de-DE\",\"potentialAction\":[{\"@type\":\"ReadAction\",\"target\":[\"https:\/\/afmi.nl\/de\/maerkte\/\"]}]},{\"@type\":\"ImageObject\",\"inLanguage\":\"de-DE\",\"@id\":\"https:\/\/afmi.nl\/de\/maerkte\/#primaryimage\",\"url\":\"https:\/\/afmi.nl\/wp-content\/uploads\/2019\/03\/3.jpg\",\"contentUrl\":\"https:\/\/afmi.nl\/wp-content\/uploads\/2019\/03\/3.jpg\",\"width\":2064,\"height\":512},{\"@type\":\"BreadcrumbList\",\"@id\":\"https:\/\/afmi.nl\/de\/maerkte\/#breadcrumb\",\"itemListElement\":[{\"@type\":\"ListItem\",\"position\":1,\"name\":\"Home\",\"item\":\"https:\/\/afmi.nl\/de\/\"},{\"@type\":\"ListItem\",\"position\":2,\"name\":\"M\u00e4rkte\"}]},{\"@type\":\"WebSite\",\"@id\":\"https:\/\/afmi.nl\/de\/#website\",\"url\":\"https:\/\/afmi.nl\/de\/\",\"name\":\"AFMI\",\"description\":\"Verspaande Juweeltjes\",\"potentialAction\":[{\"@type\":\"SearchAction\",\"target\":{\"@type\":\"EntryPoint\",\"urlTemplate\":\"https:\/\/afmi.nl\/de\/?s={search_term_string}\"},\"query-input\":{\"@type\":\"PropertyValueSpecification\",\"valueRequired\":true,\"valueName\":\"search_term_string\"}}],\"inLanguage\":\"de-DE\"}]}<\/script>\n<!-- \/ Yoast SEO plugin. -->","yoast_head_json":{"title":"M\u00e4rkte - AFMI","description":"Bei AFMI zerspanen wir Metall f\u00fcr ein umfangreiches Marktsegment. Von der Offshore-Industrie bis zur Yachtbauindustrie, vom Maschinenbau bis zur Medizintechnik.","robots":{"index":"index","follow":"follow","max-snippet":"max-snippet:-1","max-image-preview":"max-image-preview:large","max-video-preview":"max-video-preview:-1"},"canonical":"https:\/\/afmi.nl\/de\/maerkte\/","og_locale":"de_DE","og_type":"article","og_title":"M\u00e4rkte - AFMI","og_description":"Bei AFMI zerspanen wir Metall f\u00fcr ein umfangreiches Marktsegment. Von der Offshore-Industrie bis zur Yachtbauindustrie, vom Maschinenbau bis zur Medizintechnik.","og_url":"https:\/\/afmi.nl\/de\/maerkte\/","og_site_name":"AFMI","article_modified_time":"2019-06-16T17:37:48+00:00","og_image":[{"width":2064,"height":512,"url":"https:\/\/afmi.nl\/wp-content\/uploads\/2019\/03\/3.jpg","type":"image\/jpeg"}],"twitter_card":"summary_large_image","twitter_misc":{"Est. reading time":"1 minute"},"schema":{"@context":"https:\/\/schema.org","@graph":[{"@type":"WebPage","@id":"https:\/\/afmi.nl\/de\/maerkte\/","url":"https:\/\/afmi.nl\/de\/maerkte\/","name":"M\u00e4rkte - AFMI","isPartOf":{"@id":"https:\/\/afmi.nl\/de\/#website"},"primaryImageOfPage":{"@id":"https:\/\/afmi.nl\/de\/maerkte\/#primaryimage"},"image":{"@id":"https:\/\/afmi.nl\/de\/maerkte\/#primaryimage"},"thumbnailUrl":"https:\/\/afmi.nl\/wp-content\/uploads\/2019\/03\/3.jpg","datePublished":"2018-12-07T10:46:25+00:00","dateModified":"2019-06-16T17:37:48+00:00","description":"Bei AFMI zerspanen wir Metall f\u00fcr ein umfangreiches Marktsegment. Von der Offshore-Industrie bis zur Yachtbauindustrie, vom Maschinenbau bis zur Medizintechnik.","breadcrumb":{"@id":"https:\/\/afmi.nl\/de\/maerkte\/#breadcrumb"},"inLanguage":"de-DE","potentialAction":[{"@type":"ReadAction","target":["https:\/\/afmi.nl\/de\/maerkte\/"]}]},{"@type":"ImageObject","inLanguage":"de-DE","@id":"https:\/\/afmi.nl\/de\/maerkte\/#primaryimage","url":"https:\/\/afmi.nl\/wp-content\/uploads\/2019\/03\/3.jpg","contentUrl":"https:\/\/afmi.nl\/wp-content\/uploads\/2019\/03\/3.jpg","width":2064,"height":512},{"@type":"BreadcrumbList","@id":"https:\/\/afmi.nl\/de\/maerkte\/#breadcrumb","itemListElement":[{"@type":"ListItem","position":1,"name":"Home","item":"https:\/\/afmi.nl\/de\/"},{"@type":"ListItem","position":2,"name":"M\u00e4rkte"}]},{"@type":"WebSite","@id":"https:\/\/afmi.nl\/de\/#website","url":"https:\/\/afmi.nl\/de\/","name":"AFMI","description":"Verspaande Juweeltjes","potentialAction":[{"@type":"SearchAction","target":{"@type":"EntryPoint","urlTemplate":"https:\/\/afmi.nl\/de\/?s={search_term_string}"},"query-input":{"@type":"PropertyValueSpecification","valueRequired":true,"valueName":"search_term_string"}}],"inLanguage":"de-DE"}]}},"_links":{"self":[{"href":"https:\/\/afmi.nl\/de\/wp-json\/wp\/v2\/pages\/557","targetHints":{"allow":["GET"]}}],"collection":[{"href":"https:\/\/afmi.nl\/de\/wp-json\/wp\/v2\/pages"}],"about":[{"href":"https:\/\/afmi.nl\/de\/wp-json\/wp\/v2\/types\/page"}],"author":[{"embeddable":true,"href":"https:\/\/afmi.nl\/de\/wp-json\/wp\/v2\/users\/1"}],"replies":[{"embeddable":true,"href":"https:\/\/afmi.nl\/de\/wp-json\/wp\/v2\/comments?post=557"}],"version-history":[{"count":2,"href":"https:\/\/afmi.nl\/de\/wp-json\/wp\/v2\/pages\/557\/revisions"}],"predecessor-version":[{"id":879,"href":"https:\/\/afmi.nl\/de\/wp-json\/wp\/v2\/pages\/557\/revisions\/879"}],"wp:featuredmedia":[{"embeddable":true,"href":"https:\/\/afmi.nl\/de\/wp-json\/wp\/v2\/media\/365"}],"wp:attachment":[{"href":"https:\/\/afmi.nl\/de\/wp-json\/wp\/v2\/media?parent=557"}],"curies":[{"name":"wp","href":"https:\/\/api.w.org\/{rel}","templated":true}]}}