{"id":561,"date":"2018-12-06T12:39:24","date_gmt":"2018-12-06T12:39:24","guid":{"rendered":"https:\/\/www.afmi.nl\/machinelijst\/"},"modified":"2026-03-23T11:00:58","modified_gmt":"2026-03-23T11:00:58","slug":"maschinenliste","status":"publish","type":"page","link":"https:\/\/afmi.nl\/de\/maschinenliste\/","title":{"rendered":"Maschinenliste"},"content":{"rendered":"<p>Wir verf\u00fcgen \u00fcber einen umfangreichen Maschinenpark mit einem breiten Spektrum an Verarbeitungstechniken. Damit k\u00f6nnen wir Produkte bis zu einem Durchmesser von 2.500 mm und einem maximalen Gewicht von 10 Tonnen verarbeiten.<\/p>\n<p>Neben dem Drehen, Fr\u00e4sen und H\u00e4rten k\u00f6nnen wir auch Wei\u00dfmetall gl\u00fchen und gie\u00dfen. Die M\u00f6glichkeiten bei AFMI sind endlos. Nachfolgend finden Sie eine \u00dcbersicht \u00fcber unsere Maschinen nach Kategorie geordnet.<\/p>\n<div class=\"col-6 col-lg-4 p-0 m-0 vacancies-info justify-content-center\"><a class=\"p-3 bg-yellow text-center vacancies-cta\" href=\"https:\/\/afmi.nl\/wp-content\/uploads\/2026\/03\/Maschinenliste-DE.pdf\" target=\"_blank\" rel=\"noopener noreferrer\">Download Maschinen liste <i class=\"fas fa-caret-right\"><\/i><\/a><\/div>\n\n\n<p><\/p>\n","protected":false},"excerpt":{"rendered":"<p>Wir verf\u00fcgen \u00fcber einen umfangreichen Maschinenpark mit einem breiten Spektrum an Verarbeitungstechniken. Damit k\u00f6nnen wir Produkte bis zu einem Durchmesser von 2.500 mm und einem maximalen Gewicht von 10 Tonnen&#8230;<\/p>\n","protected":false},"author":1,"featured_media":368,"parent":0,"menu_order":51,"comment_status":"closed","ping_status":"closed","template":"page-machines.php","meta":{"_acf_changed":false,"footnotes":""},"class_list":["post-561","page","type-page","status-publish","has-post-thumbnail","hentry"],"acf":[],"yoast_head":"<!-- This site is optimized with the Yoast SEO plugin v27.2 - https:\/\/yoast.com\/product\/yoast-seo-wordpress\/ -->\n<title>AFMI - Maschinenliste<\/title>\n<meta name=\"description\" content=\"AFMI verf\u00fcgt \u00fcber einen umfangreichen Maschinenpark mit endlosen Bearbeitungstechniken. Fr\u00e4sen, Drehen, H\u00e4rten, Wei\u00dfmetallguss, Gl\u00fchen ... Schauen Sie sich die M\u00f6glichkeiten an!\" \/>\n<meta name=\"robots\" content=\"index, follow, max-snippet:-1, max-image-preview:large, max-video-preview:-1\" \/>\n<link rel=\"canonical\" href=\"https:\/\/afmi.nl\/de\/maschinenliste\/\" \/>\n<meta property=\"og:locale\" content=\"de_DE\" \/>\n<meta property=\"og:type\" content=\"article\" \/>\n<meta property=\"og:title\" content=\"AFMI - Maschinenliste\" \/>\n<meta property=\"og:description\" content=\"AFMI verf\u00fcgt \u00fcber einen umfangreichen Maschinenpark mit endlosen Bearbeitungstechniken. Fr\u00e4sen, Drehen, H\u00e4rten, Wei\u00dfmetallguss, Gl\u00fchen ... Schauen Sie sich die M\u00f6glichkeiten an!\" \/>\n<meta property=\"og:url\" content=\"https:\/\/afmi.nl\/de\/maschinenliste\/\" \/>\n<meta property=\"og:site_name\" content=\"AFMI\" \/>\n<meta property=\"article:modified_time\" content=\"2026-03-23T11:00:58+00:00\" \/>\n<meta property=\"og:image\" content=\"https:\/\/afmi.nl\/wp-content\/uploads\/2019\/03\/4.jpg\" \/>\n\t<meta property=\"og:image:width\" content=\"2064\" \/>\n\t<meta property=\"og:image:height\" content=\"512\" \/>\n\t<meta property=\"og:image:type\" content=\"image\/jpeg\" \/>\n<meta name=\"twitter:card\" content=\"summary_large_image\" \/>\n<meta name=\"twitter:label1\" content=\"Est. reading time\" \/>\n\t<meta name=\"twitter:data1\" content=\"1 minute\" \/>\n<script type=\"application\/ld+json\" class=\"yoast-schema-graph\">{\"@context\":\"https:\/\/schema.org\",\"@graph\":[{\"@type\":\"WebPage\",\"@id\":\"https:\/\/afmi.nl\/de\/maschinenliste\/\",\"url\":\"https:\/\/afmi.nl\/de\/maschinenliste\/\",\"name\":\"AFMI - Maschinenliste\",\"isPartOf\":{\"@id\":\"https:\/\/afmi.nl\/de\/#website\"},\"primaryImageOfPage\":{\"@id\":\"https:\/\/afmi.nl\/de\/maschinenliste\/#primaryimage\"},\"image\":{\"@id\":\"https:\/\/afmi.nl\/de\/maschinenliste\/#primaryimage\"},\"thumbnailUrl\":\"https:\/\/afmi.nl\/wp-content\/uploads\/2019\/03\/4.jpg\",\"datePublished\":\"2018-12-06T12:39:24+00:00\",\"dateModified\":\"2026-03-23T11:00:58+00:00\",\"description\":\"AFMI verf\u00fcgt \u00fcber einen umfangreichen Maschinenpark mit endlosen Bearbeitungstechniken. Fr\u00e4sen, Drehen, H\u00e4rten, Wei\u00dfmetallguss, Gl\u00fchen ... Schauen Sie sich die M\u00f6glichkeiten an!\",\"breadcrumb\":{\"@id\":\"https:\/\/afmi.nl\/de\/maschinenliste\/#breadcrumb\"},\"inLanguage\":\"de-DE\",\"potentialAction\":[{\"@type\":\"ReadAction\",\"target\":[\"https:\/\/afmi.nl\/de\/maschinenliste\/\"]}]},{\"@type\":\"ImageObject\",\"inLanguage\":\"de-DE\",\"@id\":\"https:\/\/afmi.nl\/de\/maschinenliste\/#primaryimage\",\"url\":\"https:\/\/afmi.nl\/wp-content\/uploads\/2019\/03\/4.jpg\",\"contentUrl\":\"https:\/\/afmi.nl\/wp-content\/uploads\/2019\/03\/4.jpg\",\"width\":2064,\"height\":512},{\"@type\":\"BreadcrumbList\",\"@id\":\"https:\/\/afmi.nl\/de\/maschinenliste\/#breadcrumb\",\"itemListElement\":[{\"@type\":\"ListItem\",\"position\":1,\"name\":\"Home\",\"item\":\"https:\/\/afmi.nl\/de\/\"},{\"@type\":\"ListItem\",\"position\":2,\"name\":\"Maschinenliste\"}]},{\"@type\":\"WebSite\",\"@id\":\"https:\/\/afmi.nl\/de\/#website\",\"url\":\"https:\/\/afmi.nl\/de\/\",\"name\":\"AFMI\",\"description\":\"Verspaande Juweeltjes\",\"potentialAction\":[{\"@type\":\"SearchAction\",\"target\":{\"@type\":\"EntryPoint\",\"urlTemplate\":\"https:\/\/afmi.nl\/de\/?s={search_term_string}\"},\"query-input\":{\"@type\":\"PropertyValueSpecification\",\"valueRequired\":true,\"valueName\":\"search_term_string\"}}],\"inLanguage\":\"de-DE\"}]}<\/script>\n<!-- \/ Yoast SEO plugin. -->","yoast_head_json":{"title":"AFMI - Maschinenliste","description":"AFMI verf\u00fcgt \u00fcber einen umfangreichen Maschinenpark mit endlosen Bearbeitungstechniken. Fr\u00e4sen, Drehen, H\u00e4rten, Wei\u00dfmetallguss, Gl\u00fchen ... Schauen Sie sich die M\u00f6glichkeiten an!","robots":{"index":"index","follow":"follow","max-snippet":"max-snippet:-1","max-image-preview":"max-image-preview:large","max-video-preview":"max-video-preview:-1"},"canonical":"https:\/\/afmi.nl\/de\/maschinenliste\/","og_locale":"de_DE","og_type":"article","og_title":"AFMI - Maschinenliste","og_description":"AFMI verf\u00fcgt \u00fcber einen umfangreichen Maschinenpark mit endlosen Bearbeitungstechniken. Fr\u00e4sen, Drehen, H\u00e4rten, Wei\u00dfmetallguss, Gl\u00fchen ... Schauen Sie sich die M\u00f6glichkeiten an!","og_url":"https:\/\/afmi.nl\/de\/maschinenliste\/","og_site_name":"AFMI","article_modified_time":"2026-03-23T11:00:58+00:00","og_image":[{"width":2064,"height":512,"url":"https:\/\/afmi.nl\/wp-content\/uploads\/2019\/03\/4.jpg","type":"image\/jpeg"}],"twitter_card":"summary_large_image","twitter_misc":{"Est. reading time":"1 minute"},"schema":{"@context":"https:\/\/schema.org","@graph":[{"@type":"WebPage","@id":"https:\/\/afmi.nl\/de\/maschinenliste\/","url":"https:\/\/afmi.nl\/de\/maschinenliste\/","name":"AFMI - Maschinenliste","isPartOf":{"@id":"https:\/\/afmi.nl\/de\/#website"},"primaryImageOfPage":{"@id":"https:\/\/afmi.nl\/de\/maschinenliste\/#primaryimage"},"image":{"@id":"https:\/\/afmi.nl\/de\/maschinenliste\/#primaryimage"},"thumbnailUrl":"https:\/\/afmi.nl\/wp-content\/uploads\/2019\/03\/4.jpg","datePublished":"2018-12-06T12:39:24+00:00","dateModified":"2026-03-23T11:00:58+00:00","description":"AFMI verf\u00fcgt \u00fcber einen umfangreichen Maschinenpark mit endlosen Bearbeitungstechniken. Fr\u00e4sen, Drehen, H\u00e4rten, Wei\u00dfmetallguss, Gl\u00fchen ... Schauen Sie sich die M\u00f6glichkeiten an!","breadcrumb":{"@id":"https:\/\/afmi.nl\/de\/maschinenliste\/#breadcrumb"},"inLanguage":"de-DE","potentialAction":[{"@type":"ReadAction","target":["https:\/\/afmi.nl\/de\/maschinenliste\/"]}]},{"@type":"ImageObject","inLanguage":"de-DE","@id":"https:\/\/afmi.nl\/de\/maschinenliste\/#primaryimage","url":"https:\/\/afmi.nl\/wp-content\/uploads\/2019\/03\/4.jpg","contentUrl":"https:\/\/afmi.nl\/wp-content\/uploads\/2019\/03\/4.jpg","width":2064,"height":512},{"@type":"BreadcrumbList","@id":"https:\/\/afmi.nl\/de\/maschinenliste\/#breadcrumb","itemListElement":[{"@type":"ListItem","position":1,"name":"Home","item":"https:\/\/afmi.nl\/de\/"},{"@type":"ListItem","position":2,"name":"Maschinenliste"}]},{"@type":"WebSite","@id":"https:\/\/afmi.nl\/de\/#website","url":"https:\/\/afmi.nl\/de\/","name":"AFMI","description":"Verspaande Juweeltjes","potentialAction":[{"@type":"SearchAction","target":{"@type":"EntryPoint","urlTemplate":"https:\/\/afmi.nl\/de\/?s={search_term_string}"},"query-input":{"@type":"PropertyValueSpecification","valueRequired":true,"valueName":"search_term_string"}}],"inLanguage":"de-DE"}]}},"_links":{"self":[{"href":"https:\/\/afmi.nl\/de\/wp-json\/wp\/v2\/pages\/561","targetHints":{"allow":["GET"]}}],"collection":[{"href":"https:\/\/afmi.nl\/de\/wp-json\/wp\/v2\/pages"}],"about":[{"href":"https:\/\/afmi.nl\/de\/wp-json\/wp\/v2\/types\/page"}],"author":[{"embeddable":true,"href":"https:\/\/afmi.nl\/de\/wp-json\/wp\/v2\/users\/1"}],"replies":[{"embeddable":true,"href":"https:\/\/afmi.nl\/de\/wp-json\/wp\/v2\/comments?post=561"}],"version-history":[{"count":10,"href":"https:\/\/afmi.nl\/de\/wp-json\/wp\/v2\/pages\/561\/revisions"}],"predecessor-version":[{"id":68269,"href":"https:\/\/afmi.nl\/de\/wp-json\/wp\/v2\/pages\/561\/revisions\/68269"}],"wp:featuredmedia":[{"embeddable":true,"href":"https:\/\/afmi.nl\/de\/wp-json\/wp\/v2\/media\/368"}],"wp:attachment":[{"href":"https:\/\/afmi.nl\/de\/wp-json\/wp\/v2\/media?parent=561"}],"curies":[{"name":"wp","href":"https:\/\/api.w.org\/{rel}","templated":true}]}}