{"id":569,"date":"2019-06-04T15:41:44","date_gmt":"2019-06-04T15:41:44","guid":{"rendered":"https:\/\/www.afmi.nl\/offerte-aanvragen\/"},"modified":"2019-06-20T11:56:11","modified_gmt":"2019-06-20T11:56:11","slug":"offerte-aanvragen","status":"publish","type":"page","link":"https:\/\/afmi.nl\/de\/offerte-aanvragen\/","title":{"rendered":"Angebotsanfrage"},"content":{"rendered":"<div class=\"frm_forms \" id=\"frm_form_11_container\" >\n<form enctype=\"multipart\/form-data\" method=\"post\" class=\"frm-show-form  frm_pro_form \" id=\"form_contact-form422\" >\n<div class=\"frm_form_fields \">\n<fieldset>\n<div class=\"frm_fields_container\">\n<input type=\"hidden\" name=\"frm_action\" value=\"create\" \/>\n<input type=\"hidden\" name=\"form_id\" value=\"11\" \/>\n<input type=\"hidden\" name=\"frm_hide_fields_11\" id=\"frm_hide_fields_11\" value=\"\" \/>\n<input type=\"hidden\" name=\"form_key\" value=\"contact-form422\" \/>\n<input type=\"hidden\" name=\"item_meta[0]\" value=\"\" \/>\n<input type=\"hidden\" id=\"frm_submit_entry_11\" name=\"frm_submit_entry_11\" value=\"092a2ac0b6\" \/><input type=\"hidden\" name=\"_wp_http_referer\" value=\"\/de\/wp-json\/wp\/v2\/pages\/569\" \/><div class=\"col-12 col-lg-6\">\r\n<div id=\"frm_field_104_container\" class=\"frm_form_field form-field  frm_required_field frm_top_container\">   \r\n    <input  type=\"text\" id=\"field_qh4icy44\" name=\"item_meta[104]\" value=\"\"  placeholder=\"Name\" data-reqmsg=\"Dieses Feld kann nicht leer sein.\" aria-required=\"true\" data-invmsg=\"Name is ongeldig\" aria-invalid=\"false\"   \/>   \r\n    \r\n<\/div>\r\n<\/div>\n<div class=\"col-12 col-lg-6\">\r\n<div id=\"frm_field_105_container\" class=\"frm_form_field form-field  frm_required_field frm_hidden_container\">   \r\n    <input  type=\"text\" id=\"field_ocfup144\" name=\"item_meta[105]\" value=\"\"  placeholder=\"Nachname\" data-reqmsg=\"Dieses Feld kann nicht leer sein.\" aria-required=\"true\" data-invmsg=\"Last is ongeldig\" aria-invalid=\"false\"   \/>   \r\n    \r\n<\/div>\r\n<\/div>\n<div class=\"col-12 col-lg-6\">\r\n<div id=\"frm_field_106_container\" class=\"frm_form_field form-field  frm_required_field frm_hidden_container\">\r\n      <input  type=\"text\" id=\"field_rkt1834\" name=\"item_meta[106]\" value=\"\"  placeholder=\"Firmenname\" data-reqmsg=\"Dieses Feld kann nicht leer sein.\" aria-required=\"true\" data-invmsg=\"Last is ongeldig\" aria-invalid=\"false\"   \/>\r\n      \r\n<\/div>\r\n<\/div>\n<div class=\"col-12 col-lg-6\">\r\n<div id=\"frm_field_107_container\" class=\"frm_form_field form-field  frm_required_field frm_top_container\">\r\n    <input type=\"email\" id=\"field_29yf4d44\" name=\"item_meta[107]\" value=\"\"  placeholder=\"E-Mail\" data-reqmsg=\"Dieses Feld kann nicht leer sein.\" aria-required=\"true\" data-invmsg=\"Bitte geben Sie eine g\u00fcltige E-Mail-Adresse ein.\" aria-invalid=\"false\"  \/>\r\n    \r\n<\/div>\r\n<\/div>\n<div class=\"col-12 col-lg-6\">\r\n<div id=\"frm_field_108_container\" class=\"frm_form_field form-field  frm_required_field frm_top_container\">\r\n    <input  type=\"text\" id=\"field_e6lis644\" name=\"item_meta[108]\" value=\"\"  placeholder=\"Telefonnummer\" data-reqmsg=\"Bitte geben Sie eine g\u00fcltige E-Mail-Adresse ein.\" aria-required=\"true\" data-invmsg=\"Subject is ongeldig\" aria-invalid=\"false\"   \/>\r\n    \r\n<\/div>\r\n<\/div>\n<div class=\"col-12\">\r\n<div id=\"frm_field_109_container\" class=\"frm_form_field form-field  frm_required_field frm_top_container\">\r\n    <textarea name=\"item_meta[109]\" id=\"field_9jv0r144\" rows=\"5\"  placeholder=\"Nachricht\" data-reqmsg=\"Dieses Feld kann nicht leer sein.\" aria-required=\"true\" data-invmsg=\"Nachricht is invalid\" aria-invalid=\"false\"  ><\/textarea>  \r\n    \r\n<\/div>\r\n<\/div>\n<div class=\"col-12\">\r\n<div id=\"frm_field_110_container\" class=\"frm_form_field form-field  frm_none_container\">  \r\n    <input type=\"hidden\"  data-invmsg=\"Dateiupload ist ung\u00fcltig.\" class=\"auto_width\" aria-invalid=\"false\"   name=\"item_meta[110][]\"  value=\"\" data-frmfile=\"110\" \/>\n\n<div class=\"frm_dropzone frm_multi_upload frm_clearfix\" id=\"file110_dropzone\" role=\"group\" >\n\t<div class=\"fallback\">\n\t\t<input type=\"file\" name=\"file110[]\" id=\"field_qokk844\"\n\t\t\t data-frmfile=\"110\" multiple=\"multiple\"  data-invmsg=\"Dateiupload ist ung\u00fcltig.\" class=\"auto_width\" aria-invalid=\"false\"  \t\t\t\/>\n\t\t\t\t<div class=\"frm_clearfix \"><\/div>\n\t<\/div>\n\t<div class=\"dz-message needsclick\">\n\t\t\t\t<svg  viewBox=\"0 0 18 18\" class=\"frmsvg frm-svg-icon\">\n\t<path viewBox=\"0 0 18 18\" fill-rule=\"evenodd\" clip-rule=\"evenodd\" d=\"M8.2 4v8a.8.8 0 001.5 0V4l2.1 2.2A.7.7 0 1013 5L9.5 1.7a.7.7 0 00-1.1 0L5.1 5.2a.8.8 0 001 1l2.1-2zm7.6 4.3c.4 0 .7.3.7.7v6.8c0 .4-.3.7-.8.7H2.3a.8.8 0 01-.8-.8V9A.8.8 0 013 9v6h12V9c0-.4.3-.8.8-.8z\"><\/path>\n<\/svg>\t\t<span class=\"frm_upload_text\"><button type=\"button\" aria-label=\"Dateien upload. Ziehen Sie Ihre Dateien hierher oder klicken Sie hierher, um sie auszuw\u00e4hlen.. Maximale Dateigr\u00f6\u00dfe: 8.39MB\">Ziehen Sie Ihre Dateien hierher oder klicken Sie hierher, um sie auszuw\u00e4hlen.<\/button><\/span>\n\t\t<span class=\"frm_compact_text\"><button type=\"button\" aria-label=\"Dateien upload. Datei aussuchen. Maximale Dateigr\u00f6\u00dfe: 8.39MB\">Datei aussuchen<\/button><\/span>\n\t\t<div class=\"frm_small_text\">\n\t\t\t<p>Maximale Dateigr\u00f6\u00dfe: 8.39MB<\/p>\n\t\t<\/div>\n\t<\/div>\n<\/div>\n\t  \r\n    \r\n<\/div>\r\n<\/div>\n\t<input type=\"hidden\" name=\"item_key\" value=\"\" \/>\n\t\t\t<div id=\"frm_field_112_container\">\n\t\t\t<label for=\"field_f60xv\" >\n\t\t\t\tIf you are human, leave this field blank.\t\t\t<\/label>\n\t\t\t<input  id=\"field_f60xv\" type=\"text\" class=\"frm_form_field form-field frm_verify\" name=\"item_meta[112]\" value=\"\"  \/>\n\t\t<\/div>\n\t\t<input name=\"frm_state\" type=\"hidden\" value=\"eD6I6x2vXpB+2qSWXNQzit4t6aMz6x3jqrX+rhDS02ToU2bqgPLnx5DaZl6i+LL9\" \/><div class=\"col-12\">\r\n<div class=\"frm_submit text-right\">\r\n\r\n<button class=\"frm_button_submit frm_final_submit\" type=\"submit\"   formnovalidate=\"formnovalidate\"><span> Senden<\/span><\/button>\r\n\r\n<\/div>\r\n<\/div><\/div>\n<\/fieldset>\n<\/div>\n\n<\/form>\n<\/div>\n\n","protected":false},"excerpt":{"rendered":"","protected":false},"author":2,"featured_media":359,"parent":0,"menu_order":55,"comment_status":"closed","ping_status":"closed","template":"page-contact.php","meta":{"_acf_changed":false,"footnotes":""},"class_list":["post-569","page","type-page","status-publish","has-post-thumbnail","hentry"],"acf":[],"yoast_head":"<!-- This site is optimized with the Yoast SEO plugin v27.2 - https:\/\/yoast.com\/product\/yoast-seo-wordpress\/ -->\n<title>Angebotsanfrage - AFMI<\/title>\n<meta name=\"robots\" content=\"index, follow, max-snippet:-1, max-image-preview:large, max-video-preview:-1\" \/>\n<link rel=\"canonical\" href=\"https:\/\/afmi.nl\/de\/offerte-aanvragen\/\" \/>\n<meta property=\"og:locale\" content=\"de_DE\" \/>\n<meta property=\"og:type\" content=\"article\" \/>\n<meta property=\"og:title\" content=\"Angebotsanfrage - AFMI\" \/>\n<meta property=\"og:url\" content=\"https:\/\/afmi.nl\/de\/offerte-aanvragen\/\" \/>\n<meta property=\"og:site_name\" content=\"AFMI\" \/>\n<meta property=\"article:modified_time\" content=\"2019-06-20T11:56:11+00:00\" \/>\n<meta property=\"og:image\" content=\"https:\/\/afmi.nl\/wp-content\/uploads\/2019\/03\/1.jpg\" \/>\n\t<meta property=\"og:image:width\" content=\"2064\" \/>\n\t<meta property=\"og:image:height\" content=\"512\" \/>\n\t<meta property=\"og:image:type\" content=\"image\/jpeg\" \/>\n<meta name=\"twitter:card\" content=\"summary_large_image\" \/>\n<script type=\"application\/ld+json\" class=\"yoast-schema-graph\">{\"@context\":\"https:\/\/schema.org\",\"@graph\":[{\"@type\":\"WebPage\",\"@id\":\"https:\/\/afmi.nl\/de\/offerte-aanvragen\/\",\"url\":\"https:\/\/afmi.nl\/de\/offerte-aanvragen\/\",\"name\":\"Angebotsanfrage - AFMI\",\"isPartOf\":{\"@id\":\"https:\/\/afmi.nl\/de\/#website\"},\"primaryImageOfPage\":{\"@id\":\"https:\/\/afmi.nl\/de\/offerte-aanvragen\/#primaryimage\"},\"image\":{\"@id\":\"https:\/\/afmi.nl\/de\/offerte-aanvragen\/#primaryimage\"},\"thumbnailUrl\":\"https:\/\/afmi.nl\/wp-content\/uploads\/2019\/03\/1.jpg\",\"datePublished\":\"2019-06-04T15:41:44+00:00\",\"dateModified\":\"2019-06-20T11:56:11+00:00\",\"breadcrumb\":{\"@id\":\"https:\/\/afmi.nl\/de\/offerte-aanvragen\/#breadcrumb\"},\"inLanguage\":\"de-DE\",\"potentialAction\":[{\"@type\":\"ReadAction\",\"target\":[\"https:\/\/afmi.nl\/de\/offerte-aanvragen\/\"]}]},{\"@type\":\"ImageObject\",\"inLanguage\":\"de-DE\",\"@id\":\"https:\/\/afmi.nl\/de\/offerte-aanvragen\/#primaryimage\",\"url\":\"https:\/\/afmi.nl\/wp-content\/uploads\/2019\/03\/1.jpg\",\"contentUrl\":\"https:\/\/afmi.nl\/wp-content\/uploads\/2019\/03\/1.jpg\",\"width\":2064,\"height\":512},{\"@type\":\"BreadcrumbList\",\"@id\":\"https:\/\/afmi.nl\/de\/offerte-aanvragen\/#breadcrumb\",\"itemListElement\":[{\"@type\":\"ListItem\",\"position\":1,\"name\":\"Home\",\"item\":\"https:\/\/afmi.nl\/de\/\"},{\"@type\":\"ListItem\",\"position\":2,\"name\":\"Angebotsanfrage\"}]},{\"@type\":\"WebSite\",\"@id\":\"https:\/\/afmi.nl\/de\/#website\",\"url\":\"https:\/\/afmi.nl\/de\/\",\"name\":\"AFMI\",\"description\":\"Verspaande Juweeltjes\",\"potentialAction\":[{\"@type\":\"SearchAction\",\"target\":{\"@type\":\"EntryPoint\",\"urlTemplate\":\"https:\/\/afmi.nl\/de\/?s={search_term_string}\"},\"query-input\":{\"@type\":\"PropertyValueSpecification\",\"valueRequired\":true,\"valueName\":\"search_term_string\"}}],\"inLanguage\":\"de-DE\"}]}<\/script>\n<!-- \/ Yoast SEO plugin. -->","yoast_head_json":{"title":"Angebotsanfrage - AFMI","robots":{"index":"index","follow":"follow","max-snippet":"max-snippet:-1","max-image-preview":"max-image-preview:large","max-video-preview":"max-video-preview:-1"},"canonical":"https:\/\/afmi.nl\/de\/offerte-aanvragen\/","og_locale":"de_DE","og_type":"article","og_title":"Angebotsanfrage - AFMI","og_url":"https:\/\/afmi.nl\/de\/offerte-aanvragen\/","og_site_name":"AFMI","article_modified_time":"2019-06-20T11:56:11+00:00","og_image":[{"width":2064,"height":512,"url":"https:\/\/afmi.nl\/wp-content\/uploads\/2019\/03\/1.jpg","type":"image\/jpeg"}],"twitter_card":"summary_large_image","schema":{"@context":"https:\/\/schema.org","@graph":[{"@type":"WebPage","@id":"https:\/\/afmi.nl\/de\/offerte-aanvragen\/","url":"https:\/\/afmi.nl\/de\/offerte-aanvragen\/","name":"Angebotsanfrage - AFMI","isPartOf":{"@id":"https:\/\/afmi.nl\/de\/#website"},"primaryImageOfPage":{"@id":"https:\/\/afmi.nl\/de\/offerte-aanvragen\/#primaryimage"},"image":{"@id":"https:\/\/afmi.nl\/de\/offerte-aanvragen\/#primaryimage"},"thumbnailUrl":"https:\/\/afmi.nl\/wp-content\/uploads\/2019\/03\/1.jpg","datePublished":"2019-06-04T15:41:44+00:00","dateModified":"2019-06-20T11:56:11+00:00","breadcrumb":{"@id":"https:\/\/afmi.nl\/de\/offerte-aanvragen\/#breadcrumb"},"inLanguage":"de-DE","potentialAction":[{"@type":"ReadAction","target":["https:\/\/afmi.nl\/de\/offerte-aanvragen\/"]}]},{"@type":"ImageObject","inLanguage":"de-DE","@id":"https:\/\/afmi.nl\/de\/offerte-aanvragen\/#primaryimage","url":"https:\/\/afmi.nl\/wp-content\/uploads\/2019\/03\/1.jpg","contentUrl":"https:\/\/afmi.nl\/wp-content\/uploads\/2019\/03\/1.jpg","width":2064,"height":512},{"@type":"BreadcrumbList","@id":"https:\/\/afmi.nl\/de\/offerte-aanvragen\/#breadcrumb","itemListElement":[{"@type":"ListItem","position":1,"name":"Home","item":"https:\/\/afmi.nl\/de\/"},{"@type":"ListItem","position":2,"name":"Angebotsanfrage"}]},{"@type":"WebSite","@id":"https:\/\/afmi.nl\/de\/#website","url":"https:\/\/afmi.nl\/de\/","name":"AFMI","description":"Verspaande Juweeltjes","potentialAction":[{"@type":"SearchAction","target":{"@type":"EntryPoint","urlTemplate":"https:\/\/afmi.nl\/de\/?s={search_term_string}"},"query-input":{"@type":"PropertyValueSpecification","valueRequired":true,"valueName":"search_term_string"}}],"inLanguage":"de-DE"}]}},"_links":{"self":[{"href":"https:\/\/afmi.nl\/de\/wp-json\/wp\/v2\/pages\/569","targetHints":{"allow":["GET"]}}],"collection":[{"href":"https:\/\/afmi.nl\/de\/wp-json\/wp\/v2\/pages"}],"about":[{"href":"https:\/\/afmi.nl\/de\/wp-json\/wp\/v2\/types\/page"}],"author":[{"embeddable":true,"href":"https:\/\/afmi.nl\/de\/wp-json\/wp\/v2\/users\/2"}],"replies":[{"embeddable":true,"href":"https:\/\/afmi.nl\/de\/wp-json\/wp\/v2\/comments?post=569"}],"version-history":[{"count":2,"href":"https:\/\/afmi.nl\/de\/wp-json\/wp\/v2\/pages\/569\/revisions"}],"predecessor-version":[{"id":907,"href":"https:\/\/afmi.nl\/de\/wp-json\/wp\/v2\/pages\/569\/revisions\/907"}],"wp:featuredmedia":[{"embeddable":true,"href":"https:\/\/afmi.nl\/de\/wp-json\/wp\/v2\/media\/359"}],"wp:attachment":[{"href":"https:\/\/afmi.nl\/de\/wp-json\/wp\/v2\/media?parent=569"}],"curies":[{"name":"wp","href":"https:\/\/api.w.org\/{rel}","templated":true}]}}